{"id":1201,"date":"2023-07-14T07:18:01","date_gmt":"2023-07-14T07:18:01","guid":{"rendered":"https:\/\/www.hitbelt.com\/?post_type=product&#038;p=1201"},"modified":"2024-02-21T08:55:28","modified_gmt":"2024-02-21T08:55:28","slug":"oil-resistant-conveyor-belts","status":"publish","type":"product","link":"https:\/\/www.hitbelt.com\/es\/producto\/oil-resistant-conveyor-belts","title":{"rendered":"Cintas transportadoras resistentes al aceite"},"content":{"rendered":"<p><strong>Caracter\u00edsticas del producto<\/strong><br \/>\n\u2013 La correa resistente al aceite transporta piezas y componentes recubiertos con aceite de m\u00e1quina, carb\u00f3n tratado con aceite pesado en plantas de cocci\u00f3n y plantas generadoras de energ\u00eda el\u00e9ctrica, desechos de soja, carne de pescado y otros materiales aceitosos. Materiales que contienen disolventes org\u00e1nicos no polares y combustible.<br \/>\n\u2013 La correa compuesta de caucho sint\u00e9tico resistente al aceite tiene buena resistencia a los efectos da\u00f1inos encontrados al transportar materiales tratados o contaminados con aceite.<br \/>\n\u2013 La cinta transportadora resistente al aceite se puede dividir en dos tipos seg\u00fan las propiedades de la cubierta: tipo antiabrasivo (D) y tipo ordinario (L).<\/p>\n<p><img loading=\"lazy\" decoding=\"async\" class=\"alignnone size-medium wp-image-1213\" src=\"https:\/\/www.hitbelt.com\/wp-content\/uploads\/2023\/07\/20131014175304_65575-500x318.png\" alt=\"\" width=\"500\" height=\"318\" srcset=\"https:\/\/www.hitbelt.com\/wp-content\/uploads\/2023\/07\/20131014175304_65575-500x318.png 500w, https:\/\/www.hitbelt.com\/wp-content\/uploads\/2023\/07\/20131014175304_65575-18x12.png 18w, https:\/\/www.hitbelt.com\/wp-content\/uploads\/2023\/07\/20131014175304_65575-118x75.png 118w, https:\/\/www.hitbelt.com\/wp-content\/uploads\/2023\/07\/20131014175304_65575-480x306.png 480w, https:\/\/www.hitbelt.com\/wp-content\/uploads\/2023\/07\/20131014175304_65575.png 515w\" sizes=\"auto, (max-width:767px) 480px, 500px\" \/> <img loading=\"lazy\" decoding=\"async\" class=\"alignnone size-medium wp-image-1215\" src=\"https:\/\/www.hitbelt.com\/wp-content\/uploads\/2023\/07\/20131014175407_92417-500x318.png\" alt=\"\" width=\"500\" height=\"318\" srcset=\"https:\/\/www.hitbelt.com\/wp-content\/uploads\/2023\/07\/20131014175407_92417-500x318.png 500w, https:\/\/www.hitbelt.com\/wp-content\/uploads\/2023\/07\/20131014175407_92417-18x12.png 18w, https:\/\/www.hitbelt.com\/wp-content\/uploads\/2023\/07\/20131014175407_92417-118x75.png 118w, https:\/\/www.hitbelt.com\/wp-content\/uploads\/2023\/07\/20131014175407_92417-480x306.png 480w, https:\/\/www.hitbelt.com\/wp-content\/uploads\/2023\/07\/20131014175407_92417.png 515w\" sizes=\"auto, (max-width:767px) 480px, 500px\" \/><\/p>\n<p style=\"font-weight: 400;\"><strong>Propiedad de caucho de cubierta<\/strong><\/p>\n<table style=\"font-weight: 400;\" width=\"640\">\n<tbody>\n<tr>\n<td width=\"49\"><strong>Art\u00edculo<\/strong><\/td>\n<td width=\"89\"><strong>Resistencia a la tracci\u00f3n\/MPA<\/strong><\/td>\n<td width=\"101\"><strong>Elongaci\u00f3n de rotura 1%<\/strong><\/td>\n<td width=\"65\"><strong>Abrasi\u00f3n \/mm3<\/strong><\/td>\n<\/tr>\n<tr>\n<td width=\"49\">LO<\/td>\n<td width=\"89\">\u226514,0<\/td>\n<td width=\"101\">\u2265350<\/td>\n<td width=\"65\">\u2264200<\/td>\n<\/tr>\n<tr>\n<td width=\"49\">HACER<\/td>\n<td width=\"89\">\u226516,0<\/td>\n<td width=\"101\">\u2265350<\/td>\n<td width=\"65\">\u2264160<\/td>\n<\/tr>\n<\/tbody>\n<\/table>\n<p><span style=\"font-weight: 400;\">\u00a0<\/span><\/p>","protected":false},"excerpt":{"rendered":"<p>Caracter\u00edsticas del producto: la correa resistente al aceite transporta piezas y componentes recubiertos con aceite de m\u00e1quina, carb\u00f3n tratado con aceite pesado en plantas de cocina y plantas generadoras de energ\u00eda el\u00e9ctrica, soja<span class=\"excerpt-hellip\"> [\u2026]<\/span><\/p>","protected":false},"featured_media":2670,"comment_status":"closed","ping_status":"closed","template":"","meta":{"_acf_changed":false,"_joinchat":[]},"product_brand":[],"product_cat":[53],"product_tag":[106],"class_list":{"0":"post-1201","1":"product","2":"type-product","3":"status-publish","4":"has-post-thumbnail","6":"product_cat-rubber-belt","7":"product_tag-conveyor-belts","9":"first","10":"instock","11":"shipping-taxable","12":"product-type-simple"},"acf":[],"_links":{"self":[{"href":"https:\/\/www.hitbelt.com\/es\/wp-json\/wp\/v2\/product\/1201","targetHints":{"allow":["GET"]}}],"collection":[{"href":"https:\/\/www.hitbelt.com\/es\/wp-json\/wp\/v2\/product"}],"about":[{"href":"https:\/\/www.hitbelt.com\/es\/wp-json\/wp\/v2\/types\/product"}],"replies":[{"embeddable":true,"href":"https:\/\/www.hitbelt.com\/es\/wp-json\/wp\/v2\/comments?post=1201"}],"wp:featuredmedia":[{"embeddable":true,"href":"https:\/\/www.hitbelt.com\/es\/wp-json\/wp\/v2\/media\/2670"}],"wp:attachment":[{"href":"https:\/\/www.hitbelt.com\/es\/wp-json\/wp\/v2\/media?parent=1201"}],"wp:term":[{"taxonomy":"product_brand","embeddable":true,"href":"https:\/\/www.hitbelt.com\/es\/wp-json\/wp\/v2\/product_brand?post=1201"},{"taxonomy":"product_cat","embeddable":true,"href":"https:\/\/www.hitbelt.com\/es\/wp-json\/wp\/v2\/product_cat?post=1201"},{"taxonomy":"product_tag","embeddable":true,"href":"https:\/\/www.hitbelt.com\/es\/wp-json\/wp\/v2\/product_tag?post=1201"}],"curies":[{"name":"wp","href":"https:\/\/api.w.org\/{rel}","templated":true}]}}