{"id":1160,"date":"2023-07-14T06:51:02","date_gmt":"2023-07-14T06:51:02","guid":{"rendered":"https:\/\/www.hitbelt.com\/?post_type=product&#038;p=1160"},"modified":"2024-02-21T09:38:22","modified_gmt":"2024-02-21T09:38:22","slug":"belts-backings","status":"publish","type":"product","link":"https:\/\/www.hitbelt.com\/es\/producto\/belts-backings","title":{"rendered":"Respaldos de cinturones"},"content":{"rendered":"<div class=\"col_left left\">\n<h4 class=\"artview_title\">Respaldos de cinturones<\/h4>\n<div class=\"news_content\">\n<div id=\"div2\">\n<table class=\"excel893\" cellspacing=\"0\" cellpadding=\"0\">\n<colgroup>\n<col width=\"65\" \/>\n<col width=\"165\" \/>\n<col width=\"119\" \/>\n<col width=\"126\" \/><\/colgroup>\n<tbody>\n<tr>\n<td class=\"excel896\" width=\"65\">Tipo<\/td>\n<td class=\"excel896\" width=\"165\">Gama de productos HIT<\/td>\n<td class=\"excel896\" width=\"119\">Espesor de caucho<\/td>\n<td class=\"excel896\" width=\"126\">Color de goma<\/td>\n<\/tr>\n<tr>\n<td class=\"excel894\">MXL<\/td>\n<td class=\"excel894\">400MXL \u2013 650MXL<\/td>\n<td class=\"excel894\">3 mm \u2013 6 mm<\/td>\n<td class=\"excel894\">Rojo \/ Verde \/ Negro<\/td>\n<\/tr>\n<tr>\n<td class=\"excel897\">SG<\/td>\n<td class=\"excel897\">300XL-648XL<\/td>\n<td class=\"excel897\">3 mm \u2013 6 mm<\/td>\n<td class=\"excel897\">Rojo \/ Verde \/ Negro<\/td>\n<\/tr>\n<tr>\n<td class=\"excel894\">L<\/td>\n<td class=\"excel894\">300L \u2013 640L<\/td>\n<td class=\"excel894\">3 mm \u2013 6 mm<\/td>\n<td class=\"excel894\">Rojo \/ Verde \/ Negro<\/td>\n<\/tr>\n<tr>\n<td class=\"excel897\">H<\/td>\n<td class=\"excel897\">300H \u2013 650H<\/td>\n<td class=\"excel897\">3 mm \u2013 6 mm<\/td>\n<td class=\"excel897\">Rojo \/ Verde \/ Negro<\/td>\n<\/tr>\n<tr>\n<td class=\"excel894\">XH<\/td>\n<td class=\"excel894\">420XH \u2013 630XH<\/td>\n<td class=\"excel894\">3 mm \u2013 6 mm<\/td>\n<td class=\"excel894\">Rojo \/ Verde \/ Negro<\/td>\n<\/tr>\n<tr>\n<td class=\"excel897\">H2M<\/td>\n<td class=\"excel897\">2M 300 \u2013 2M 600<\/td>\n<td class=\"excel897\">3 mm \u2013 6 mm<\/td>\n<td class=\"excel897\">Rojo \/ Verde \/ Negro<\/td>\n<\/tr>\n<tr>\n<td class=\"excel894\">H3M<\/td>\n<td class=\"excel894\">3M 300 \u2013 3M 648<\/td>\n<td class=\"excel894\">3 mm \u2013 6 mm<\/td>\n<td class=\"excel894\">Rojo \/ Verde \/ Negro<\/td>\n<\/tr>\n<tr>\n<td class=\"excel897\">H5M<\/td>\n<td class=\"excel897\">5M 300 \u2013 5M 650<\/td>\n<td class=\"excel897\">3 mm \u2013 6 mm<\/td>\n<td class=\"excel897\">Rojo \/ Verde \/ Negro<\/td>\n<\/tr>\n<tr>\n<td class=\"excel894\">H8M<\/td>\n<td class=\"excel894\">8M 320 \u2013 8M 640<\/td>\n<td class=\"excel894\">3 mm \u2013 6 mm<\/td>\n<td class=\"excel894\">Rojo \/ Verde \/ Negro<\/td>\n<\/tr>\n<tr>\n<td class=\"excel897\">S2M<\/td>\n<td class=\"excel897\">S2M 300 \u2013 S2M 630<\/td>\n<td class=\"excel897\">3 mm \u2013 6 mm<\/td>\n<td class=\"excel897\">Rojo \/ Verde \/ Negro<\/td>\n<\/tr>\n<tr>\n<td class=\"excel894\">S3M<\/td>\n<td class=\"excel894\">S3M 300 \u2013 S3M 645<\/td>\n<td class=\"excel894\">3 mm \u2013 6 mm<\/td>\n<td class=\"excel894\">Rojo \/ Verde \/ Negro<\/td>\n<\/tr>\n<tr>\n<td class=\"excel897\">S4.5M<\/td>\n<td class=\"excel897\">S4.5M 306 \u2013 S4.5M 567<\/td>\n<td class=\"excel897\">3 mm \u2013 6 mm<\/td>\n<td class=\"excel897\">Rojo \/ Verde \/ Negro<\/td>\n<\/tr>\n<tr>\n<td class=\"excel894\">S5M<\/td>\n<td class=\"excel894\">S5M 300 \u2013 S5M 650<\/td>\n<td class=\"excel894\">3 mm \u2013 6 mm<\/td>\n<td class=\"excel894\">Rojo \/ Verde \/ Negro<\/td>\n<\/tr>\n<tr>\n<td class=\"excel897\">S8M<\/td>\n<td class=\"excel897\">S8M 376 \u2013 S8M 640<\/td>\n<td class=\"excel897\">3 mm \u2013 6 mm<\/td>\n<td class=\"excel897\">Rojo \/ Verde \/ Negro<\/td>\n<\/tr>\n<tr>\n<td class=\"excel894\">P3M<\/td>\n<td class=\"excel894\">P3M 300 \u2013 P3M 600<\/td>\n<td class=\"excel894\">3 mm \u2013 6 mm<\/td>\n<td class=\"excel894\">Rojo \/ Verde \/ Negro<\/td>\n<\/tr>\n<tr>\n<td class=\"excel897\">P5M<\/td>\n<td class=\"excel897\">P5M 325 \u2013 P5M 650<\/td>\n<td class=\"excel897\">3 mm \u2013 6 mm<\/td>\n<td class=\"excel897\">Rojo \/ Verde \/ Negro<\/td>\n<\/tr>\n<tr>\n<td class=\"excel894\">P8M<\/td>\n<td class=\"excel894\">P8M 480 \u2013 P8M 640<\/td>\n<td class=\"excel894\">3 mm \u2013 6 mm<\/td>\n<td class=\"excel894\">Rojo \/ Verde \/ Negro<\/td>\n<\/tr>\n<tr>\n<td class=\"excel897\">T2.5M<\/td>\n<td class=\"excel897\">T2.5 305 \u2013 T2.5 650<\/td>\n<td class=\"excel897\">3 mm \u2013 6 mm<\/td>\n<td class=\"excel897\">Rojo \/ Verde \/ Negro<\/td>\n<\/tr>\n<tr>\n<td class=\"excel894\">T5M<\/td>\n<td class=\"excel894\">T5 300 \u2013 T5 635<\/td>\n<td class=\"excel894\">3 mm \u2013 6 mm<\/td>\n<td class=\"excel894\">Rojo \/ Verde \/ Negro<\/td>\n<\/tr>\n<tr>\n<td class=\"excel897\">T10M<\/td>\n<td class=\"excel897\">T10 340 \u2013 T10 650<\/td>\n<td class=\"excel897\">3 mm \u2013 6 mm<\/td>\n<td class=\"excel897\">Rojo \/ Verde \/ Negro<\/td>\n<\/tr>\n<tr>\n<td class=\"excel895\" colspan=\"4\">El grosor del caucho es de 3 mm a 6 mm.<\/td>\n<\/tr>\n<tr>\n<td class=\"excel894\"><\/td>\n<td class=\"excel894\"><\/td>\n<td class=\"excel894\"><\/td>\n<td class=\"excel894\"><\/td>\n<\/tr>\n<tr>\n<td class=\"excel894\"><\/td>\n<td class=\"excel894\"><\/td>\n<td class=\"excel894\"><\/td>\n<td class=\"excel894\"><\/td>\n<\/tr>\n<tr>\n<td class=\"excel896\">Tipo<\/td>\n<td class=\"excel896\">Gama de productos HIT<\/td>\n<td class=\"excel896\">Espesor de caucho<\/td>\n<td class=\"excel896\">Color de goma<\/td>\n<\/tr>\n<tr>\n<td class=\"excel894\">MXL<\/td>\n<td class=\"excel894\">6650MXL \u2013 23100MXL<\/td>\n<td class=\"excel894\">8 mm<\/td>\n<td class=\"excel894\">Rojo \/ Verde \/ Negro<\/td>\n<\/tr>\n<tr>\n<td class=\"excel897\">SG<\/td>\n<td class=\"excel897\">660XL-1552XL<\/td>\n<td class=\"excel897\">8 mm<\/td>\n<td class=\"excel897\">Rojo \/ Verde \/ Negro<\/td>\n<\/tr>\n<tr>\n<td class=\"excel894\">L<\/td>\n<td class=\"excel894\">653L-2093L<\/td>\n<td class=\"excel894\">8 mm<\/td>\n<td class=\"excel894\">Rojo \/ Verde \/ Negro<\/td>\n<\/tr>\n<tr>\n<td class=\"excel897\">H<\/td>\n<td class=\"excel897\">660H \u2013 2100H<\/td>\n<td class=\"excel897\">8 mm<\/td>\n<td class=\"excel897\">Rojo \/ Verde \/ Negro<\/td>\n<\/tr>\n<tr>\n<td class=\"excel894\">XH<\/td>\n<td class=\"excel894\">700XH \u2013 1750XH<\/td>\n<td class=\"excel894\">8 mm<\/td>\n<td class=\"excel894\">Rojo \/ Verde \/ Negro<\/td>\n<\/tr>\n<tr>\n<td class=\"excel897\">XXH<\/td>\n<td class=\"excel897\">700XXH \u2013 1800XXH<\/td>\n<td class=\"excel897\">8 mm<\/td>\n<td class=\"excel897\">Rojo \/ Verde \/ Negro<\/td>\n<\/tr>\n<tr>\n<td class=\"excel894\">H2M<\/td>\n<td class=\"excel894\">2M 622 \u2013 2M 3000<\/td>\n<td class=\"excel894\">8 mm<\/td>\n<td class=\"excel894\">Rojo \/ Verde \/ Negro<\/td>\n<\/tr>\n<tr>\n<td class=\"excel897\">H3M<\/td>\n<td class=\"excel897\">3M 654 \u2013 3M 5100<\/td>\n<td class=\"excel897\">8 mm<\/td>\n<td class=\"excel897\">Rojo \/ Verde \/ Negro<\/td>\n<\/tr>\n<tr>\n<td class=\"excel894\">H5M<\/td>\n<td class=\"excel894\">5M 655 \u2013 5M 5300<\/td>\n<td class=\"excel894\">8 mm<\/td>\n<td class=\"excel894\">Rojo \/ Verde \/ Negro<\/td>\n<\/tr>\n<tr>\n<td class=\"excel897\">H8M<\/td>\n<td class=\"excel897\">8M 656 \u2013 8M 5120<\/td>\n<td class=\"excel897\">8 mm<\/td>\n<td class=\"excel897\">Rojo \/ Verde \/ Negro<\/td>\n<\/tr>\n<tr>\n<td class=\"excel894\">H14M<\/td>\n<td class=\"excel894\">14M 784 \u2013 14M 4956<\/td>\n<td class=\"excel894\">8 mm<\/td>\n<td class=\"excel894\">Rojo \/ Verde \/ Negro<\/td>\n<\/tr>\n<tr>\n<td class=\"excel897\">H20M<\/td>\n<td class=\"excel897\">20M 3400 \u2013 20M 4900<\/td>\n<td class=\"excel897\">8 mm<\/td>\n<td class=\"excel897\">Rojo \/ Verde \/ Negro<\/td>\n<\/tr>\n<tr>\n<td class=\"excel894\">S2M<\/td>\n<td class=\"excel894\">S2M 656 \u2013 S2M 3828<\/td>\n<td class=\"excel894\">8 mm<\/td>\n<td class=\"excel894\">Rojo \/ Verde \/ Negro<\/td>\n<\/tr>\n<tr>\n<td class=\"excel897\">S3M<\/td>\n<td class=\"excel897\">S3M 657 \u2013 S3M 4500<\/td>\n<td class=\"excel897\">8 mm<\/td>\n<td class=\"excel897\">Rojo \/ Verde \/ Negro<\/td>\n<\/tr>\n<tr>\n<td class=\"excel894\">S4.5M<\/td>\n<td class=\"excel894\">S4.5M 653 \u2013 S4.5M 1031<\/td>\n<td class=\"excel894\">8 mm<\/td>\n<td class=\"excel894\">Rojo \/ Verde \/ Negro<\/td>\n<\/tr>\n<tr>\n<td class=\"excel897\">S5M<\/td>\n<td class=\"excel897\">S5M 655 \u2013 S5M 3280<\/td>\n<td class=\"excel897\">8 mm<\/td>\n<td class=\"excel897\">Rojo \/ Verde \/ Negro<\/td>\n<\/tr>\n<tr>\n<td class=\"excel894\">S8M<\/td>\n<td class=\"excel894\">S8M 656-5320<\/td>\n<td class=\"excel894\">8 mm<\/td>\n<td class=\"excel894\">Rojo \/ Verde \/ Negro<\/td>\n<\/tr>\n<tr>\n<td class=\"excel897\">S14M<\/td>\n<td class=\"excel897\">S14M 714 \u2013 S14M 4508<\/td>\n<td class=\"excel897\">8 mm<\/td>\n<td class=\"excel897\">Rojo \/ Verde \/ Negro<\/td>\n<\/tr>\n<tr>\n<td class=\"excel894\">P5M<\/td>\n<td class=\"excel894\">P5M 800 \u2013 P5M 3680<\/td>\n<td class=\"excel894\">8 mm<\/td>\n<td class=\"excel894\">Rojo \/ Verde \/ Negro<\/td>\n<\/tr>\n<tr>\n<td class=\"excel897\">P8M<\/td>\n<td class=\"excel897\">P8M 800 \u2013 P8M 4600<\/td>\n<td class=\"excel897\">8 mm<\/td>\n<td class=\"excel897\">Rojo \/ Verde \/ Negro<\/td>\n<\/tr>\n<tr>\n<td class=\"excel894\">P14M<\/td>\n<td class=\"excel894\">P14M 966 \u2013 P14M 3360<\/td>\n<td class=\"excel894\">8 mm<\/td>\n<td class=\"excel894\">Rojo \/ Verde \/ Negro<\/td>\n<\/tr>\n<tr>\n<td class=\"excel897\">T2.5M<\/td>\n<td class=\"excel897\">T2.5 780 \u2013 T2.5 2000<\/td>\n<td class=\"excel897\">8 mm<\/td>\n<td class=\"excel897\">Rojo \/ Verde \/ Negro<\/td>\n<\/tr>\n<tr>\n<td class=\"excel894\">T5M<\/td>\n<td class=\"excel894\">T5 660 \u2013 T5 2280<\/td>\n<td class=\"excel894\">8 mm<\/td>\n<td class=\"excel894\">Rojo \/ Verde \/ Negro<\/td>\n<\/tr>\n<tr>\n<td class=\"excel897\">T10M<\/td>\n<td class=\"excel897\">T10 660 \u2013 T10 4650<\/td>\n<td class=\"excel897\">8 mm<\/td>\n<td class=\"excel897\">Rojo \/ Verde \/ Negro<\/td>\n<\/tr>\n<tr>\n<td class=\"excel894\">T20M<\/td>\n<td class=\"excel894\">T20 1080 \u2013 T20 1680<\/td>\n<td class=\"excel894\">8 mm<\/td>\n<td class=\"excel894\">Rojo \/ Verde \/ Negro<\/td>\n<\/tr>\n<tr>\n<td class=\"excel895\" colspan=\"4\">El espesor m\u00e1ximo de la goma es de 8 mm.<\/td>\n<\/tr>\n<\/tbody>\n<\/table>\n<p>&nbsp;<\/p>\n<\/div>\n<\/div>\n<\/div>\n<div class=\"col_right right\">\n<div class=\"hot_list\"><\/div>\n<\/div>","protected":false},"excerpt":{"rendered":"<p>Las caracter\u00edsticas qu\u00edmicas y mec\u00e1nicas \u00fanicas de las bandas de caucho junto con la posibilidad de una amplia variedad de respaldos en diferentes materiales hacen que las bandas HIT sean ideales para todas las aplicaciones de transporte donde se requiere sincronizaci\u00f3n.<\/p>","protected":false},"featured_media":2675,"comment_status":"closed","ping_status":"closed","template":"","meta":{"_acf_changed":false,"_joinchat":[]},"product_brand":[],"product_cat":[53],"product_tag":[108],"class_list":{"0":"post-1160","1":"product","2":"type-product","3":"status-publish","4":"has-post-thumbnail","6":"product_cat-rubber-belt","7":"product_tag-belts-backings","9":"first","10":"instock","11":"shipping-taxable","12":"product-type-simple"},"acf":[],"_links":{"self":[{"href":"https:\/\/www.hitbelt.com\/es\/wp-json\/wp\/v2\/product\/1160","targetHints":{"allow":["GET"]}}],"collection":[{"href":"https:\/\/www.hitbelt.com\/es\/wp-json\/wp\/v2\/product"}],"about":[{"href":"https:\/\/www.hitbelt.com\/es\/wp-json\/wp\/v2\/types\/product"}],"replies":[{"embeddable":true,"href":"https:\/\/www.hitbelt.com\/es\/wp-json\/wp\/v2\/comments?post=1160"}],"wp:featuredmedia":[{"embeddable":true,"href":"https:\/\/www.hitbelt.com\/es\/wp-json\/wp\/v2\/media\/2675"}],"wp:attachment":[{"href":"https:\/\/www.hitbelt.com\/es\/wp-json\/wp\/v2\/media?parent=1160"}],"wp:term":[{"taxonomy":"product_brand","embeddable":true,"href":"https:\/\/www.hitbelt.com\/es\/wp-json\/wp\/v2\/product_brand?post=1160"},{"taxonomy":"product_cat","embeddable":true,"href":"https:\/\/www.hitbelt.com\/es\/wp-json\/wp\/v2\/product_cat?post=1160"},{"taxonomy":"product_tag","embeddable":true,"href":"https:\/\/www.hitbelt.com\/es\/wp-json\/wp\/v2\/product_tag?post=1160"}],"curies":[{"name":"wp","href":"https:\/\/api.w.org\/{rel}","templated":true}]}}