{"id":1142,"date":"2023-07-14T06:32:00","date_gmt":"2023-07-14T06:32:00","guid":{"rendered":"https:\/\/www.hitbelt.com\/?post_type=product&#038;p=1142"},"modified":"2023-12-08T05:33:58","modified_gmt":"2023-12-08T05:33:58","slug":"molded-phpj","status":"publish","type":"product","link":"https:\/\/www.hitbelt.com\/es\/producto\/molded-phpj","title":{"rendered":"PH moldeado, PJ"},"content":{"rendered":"<p><b>Correa acanalada en V moldeada<\/b><br \/>\nLas correas Poly-V moldeadas industriales fabricadas con una construcci\u00f3n de chaqueta tienen un tama\u00f1o preciso, un servicio m\u00e1s prolongado, menos ruido y menos formaci\u00f3n de bolitas. (No mediante el m\u00e9todo de molienda).<br \/>\n<b>Caracter\u00edsticas y ventajas<\/b><br \/>\n\u2013 Unidos por supers\u00f3nicos y no tienen superposici\u00f3n;<br \/>\n\u2013 M\u00e1s estable, m\u00e1s flexible, ruidos mucho m\u00e1s bajos, vida \u00fatil m\u00e1s larga;<br \/>\n\u2013 Especialmente para sistema tensor para evitar el ruido de funcionamiento causado por la superposici\u00f3n de telas;<br \/>\n\u2013 Fabricado con tecnolog\u00eda de muesca moldeada, con m\u00e1s ventajas;<br \/>\n\u2013 Menos acumulaci\u00f3n de calor, por lo tanto mejor rendimiento.<\/p>\n<p>&nbsp;<\/p>\n<h4 class=\"artview_title\">Gama de producci\u00f3n<\/h4>\n<div class=\"news_content\">\n<div id=\"div2\">\n<table border=\"0\" width=\"640\" cellspacing=\"0\" cellpadding=\"0\">\n<tbody>\n<tr>\n<td width=\"65\" height=\"30\">C\u00f3digo de cintur\u00f3n<\/td>\n<td width=\"65\">Longitud<br \/>\n(pulgada)<\/td>\n<td width=\"75\">Longitud efectiva<\/td>\n<td width=\"81\">M\u00e1x. costillas<br \/>\n\/Manga<\/td>\n<td width=\"21\"><\/td>\n<td width=\"65\">C\u00f3digo de cintur\u00f3n<\/td>\n<td width=\"65\">Longitud<br \/>\n(pulgada)<\/td>\n<td width=\"75\">Longitud efectiva<\/td>\n<td>M\u00e1x. costillas<br \/>\n\/Manga<\/td>\n<\/tr>\n<tr>\n<td height=\"15\">130J<\/td>\n<td>13<\/td>\n<td>330 mil\u00edmetros<\/td>\n<td>101<\/td>\n<td><\/td>\n<td>370J<\/td>\n<td>37<\/td>\n<td>940 mil\u00edmetros<\/td>\n<td width=\"70\">214<\/td>\n<\/tr>\n<tr>\n<td height=\"15\">140J<\/td>\n<td>14<\/td>\n<td>356 mil\u00edmetros<\/td>\n<td>101<\/td>\n<td><\/td>\n<td>374J<\/td>\n<td>37.4<\/td>\n<td>950 mil\u00edmetros<\/td>\n<td width=\"70\">214<\/td>\n<\/tr>\n<tr>\n<td height=\"15\">150J<\/td>\n<td>15<\/td>\n<td>381 mil\u00edmetros<\/td>\n<td>101<\/td>\n<td><\/td>\n<td>380J<\/td>\n<td>38<\/td>\n<td>965 mil\u00edmetros<\/td>\n<td width=\"70\">214<\/td>\n<\/tr>\n<tr>\n<td height=\"15\">160J<\/td>\n<td>16<\/td>\n<td>406 mil\u00edmetros<\/td>\n<td>101<\/td>\n<td><\/td>\n<td>390J<\/td>\n<td>39<\/td>\n<td>991 mil\u00edmetros<\/td>\n<td width=\"70\">214<\/td>\n<\/tr>\n<tr>\n<td height=\"15\">170J<\/td>\n<td>17<\/td>\n<td>432 mil\u00edmetros<\/td>\n<td>101<\/td>\n<td><\/td>\n<td>400J<\/td>\n<td>40<\/td>\n<td>1016 mil\u00edmetros<\/td>\n<td width=\"70\">214<\/td>\n<\/tr>\n<tr>\n<td height=\"15\">180J<\/td>\n<td>18<\/td>\n<td>457 mil\u00edmetros<\/td>\n<td>101<\/td>\n<td><\/td>\n<td>410J<\/td>\n<td>41<\/td>\n<td>1041 mil\u00edmetros<\/td>\n<td width=\"70\">214<\/td>\n<\/tr>\n<tr>\n<td height=\"15\">190J<\/td>\n<td>19<\/td>\n<td>483 mil\u00edmetros<\/td>\n<td>101<\/td>\n<td><\/td>\n<td>415J<\/td>\n<td>41.5<\/td>\n<td>1054 mil\u00edmetros<\/td>\n<td width=\"70\">214<\/td>\n<\/tr>\n<tr>\n<td height=\"15\">200J<\/td>\n<td>20<\/td>\n<td>508 mil\u00edmetros<\/td>\n<td>101<\/td>\n<td><\/td>\n<td>420J<\/td>\n<td>42<\/td>\n<td>1067 mil\u00edmetros<\/td>\n<td width=\"70\">214<\/td>\n<\/tr>\n<tr>\n<td height=\"15\">210J<\/td>\n<td>21<\/td>\n<td>533 mil\u00edmetros<\/td>\n<td>101<\/td>\n<td><\/td>\n<td>430J<\/td>\n<td>43<\/td>\n<td>1092 mil\u00edmetros<\/td>\n<td width=\"70\">214<\/td>\n<\/tr>\n<tr>\n<td height=\"15\">220J<\/td>\n<td>22<\/td>\n<td>559 mil\u00edmetros<\/td>\n<td>101<\/td>\n<td><\/td>\n<td>440J<\/td>\n<td>44<\/td>\n<td>1118 mil\u00edmetros<\/td>\n<td width=\"70\">214<\/td>\n<\/tr>\n<tr>\n<td height=\"15\">230J<\/td>\n<td>23<\/td>\n<td>584 mil\u00edmetros<\/td>\n<td>101<\/td>\n<td><\/td>\n<td>450J<\/td>\n<td>45<\/td>\n<td>1143 mil\u00edmetros<\/td>\n<td width=\"70\">214<\/td>\n<\/tr>\n<tr>\n<td height=\"15\">240J<\/td>\n<td>24<\/td>\n<td>610 mil\u00edmetros<\/td>\n<td>101<\/td>\n<td><\/td>\n<td>460J<\/td>\n<td>46<\/td>\n<td>1168 mil\u00edmetros<\/td>\n<td width=\"70\">214<\/td>\n<\/tr>\n<tr>\n<td height=\"15\">250J<\/td>\n<td>25<\/td>\n<td>635 mil\u00edmetros<\/td>\n<td>101<\/td>\n<td><\/td>\n<td>469J<\/td>\n<td>46.9<\/td>\n<td>1191 mil\u00edmetros<\/td>\n<td width=\"70\">214<\/td>\n<\/tr>\n<tr>\n<td height=\"15\">254J<\/td>\n<td>25.4<\/td>\n<td>645 mil\u00edmetros<\/td>\n<td>101<\/td>\n<td><\/td>\n<td>474J<\/td>\n<td>47.4<\/td>\n<td>1204 mil\u00edmetros<\/td>\n<td width=\"70\">214<\/td>\n<\/tr>\n<tr>\n<td height=\"15\">260J<\/td>\n<td>26<\/td>\n<td>660 mil\u00edmetros<\/td>\n<td>101<\/td>\n<td><\/td>\n<td>480J<\/td>\n<td>48<\/td>\n<td>1219 mil\u00edmetros<\/td>\n<td width=\"70\">214<\/td>\n<\/tr>\n<tr>\n<td height=\"15\">270J<\/td>\n<td>27<\/td>\n<td>686 mil\u00edmetros<\/td>\n<td>101<\/td>\n<td><\/td>\n<td>490J<\/td>\n<td>49<\/td>\n<td>1245 mil\u00edmetros<\/td>\n<td width=\"70\">214<\/td>\n<\/tr>\n<tr>\n<td height=\"15\">280J<\/td>\n<td>28<\/td>\n<td>711 mil\u00edmetros<\/td>\n<td>101<\/td>\n<td><\/td>\n<td>500J<\/td>\n<td>50<\/td>\n<td>1270 mil\u00edmetros<\/td>\n<td width=\"70\">214<\/td>\n<\/tr>\n<tr>\n<td height=\"15\">290J<\/td>\n<td>29<\/td>\n<td>737 mil\u00edmetros<\/td>\n<td>101<\/td>\n<td><\/td>\n<td>510J<\/td>\n<td>51<\/td>\n<td>1295 mil\u00edmetros<\/td>\n<td width=\"70\">214<\/td>\n<\/tr>\n<tr>\n<td height=\"15\">300J<\/td>\n<td>30<\/td>\n<td>762 mil\u00edmetros<\/td>\n<td>101<\/td>\n<td><\/td>\n<td>520J<\/td>\n<td>52<\/td>\n<td>1321 mil\u00edmetros<\/td>\n<td width=\"70\">214<\/td>\n<\/tr>\n<tr>\n<td height=\"15\">310J<\/td>\n<td>31<\/td>\n<td>787 mil\u00edmetros<\/td>\n<td>214<\/td>\n<td><\/td>\n<td>530J<\/td>\n<td>53<\/td>\n<td>1346 mil\u00edmetros<\/td>\n<td width=\"70\">214<\/td>\n<\/tr>\n<tr>\n<td height=\"15\">320J<\/td>\n<td>32<\/td>\n<td>813 mil\u00edmetros<\/td>\n<td>214<\/td>\n<td><\/td>\n<td>540J<\/td>\n<td>54<\/td>\n<td>1372 mil\u00edmetros<\/td>\n<td width=\"70\">214<\/td>\n<\/tr>\n<tr>\n<td height=\"15\">327J<\/td>\n<td>32.7<\/td>\n<td>831 mil\u00edmetros<\/td>\n<td>214<\/td>\n<td><\/td>\n<td>550J<\/td>\n<td>55<\/td>\n<td>1397 mil\u00edmetros<\/td>\n<td width=\"70\">214<\/td>\n<\/tr>\n<tr>\n<td height=\"15\">330J<\/td>\n<td>33<\/td>\n<td>838 mil\u00edmetros<\/td>\n<td>214<\/td>\n<td><\/td>\n<td>580J<\/td>\n<td>58<\/td>\n<td>1473 mil\u00edmetros<\/td>\n<td width=\"70\">214<\/td>\n<\/tr>\n<tr>\n<td height=\"15\">340J<\/td>\n<td>34<\/td>\n<td>864 mil\u00edmetros<\/td>\n<td>214<\/td>\n<td><\/td>\n<td>610J<\/td>\n<td>61<\/td>\n<td>1549 mil\u00edmetros<\/td>\n<td width=\"70\">214<\/td>\n<\/tr>\n<tr>\n<td height=\"15\">350J<\/td>\n<td>35<\/td>\n<td>889 mil\u00edmetros<\/td>\n<td>214<\/td>\n<td><\/td>\n<td>650J<\/td>\n<td>65<\/td>\n<td>1651 mil\u00edmetros<\/td>\n<td width=\"70\">214<\/td>\n<\/tr>\n<tr>\n<td height=\"15\">360J<\/td>\n<td>36<\/td>\n<td>914 mil\u00edmetros<\/td>\n<td>214<\/td>\n<td><\/td>\n<td>690J<\/td>\n<td>69<\/td>\n<td>1753 mil\u00edmetros<\/td>\n<td width=\"70\">214<\/td>\n<\/tr>\n<\/tbody>\n<\/table>\n<\/div>\n<\/div>","protected":false},"excerpt":{"rendered":"<p>La correa de caucho de cu\u00f1as m\u00faltiples combina las ventajas de las correas en V y planas, es decir, la suavidad y tenacidad de las correas planas, as\u00ed como la compacidad y alta eficiencia de las correas en V. HIT ofrece correas poli-V rectificadas normales y correas poli-V moldeadas.<\/p>","protected":false},"featured_media":1135,"comment_status":"closed","ping_status":"closed","template":"","meta":{"_acf_changed":false,"_joinchat":[]},"product_brand":[],"product_cat":[53],"product_tag":[105],"class_list":{"0":"post-1142","1":"product","2":"type-product","3":"status-publish","4":"has-post-thumbnail","6":"product_cat-rubber-belt","7":"product_tag-poly-v-belts","9":"first","10":"instock","11":"shipping-taxable","12":"product-type-simple"},"acf":[],"_links":{"self":[{"href":"https:\/\/www.hitbelt.com\/es\/wp-json\/wp\/v2\/product\/1142","targetHints":{"allow":["GET"]}}],"collection":[{"href":"https:\/\/www.hitbelt.com\/es\/wp-json\/wp\/v2\/product"}],"about":[{"href":"https:\/\/www.hitbelt.com\/es\/wp-json\/wp\/v2\/types\/product"}],"replies":[{"embeddable":true,"href":"https:\/\/www.hitbelt.com\/es\/wp-json\/wp\/v2\/comments?post=1142"}],"wp:featuredmedia":[{"embeddable":true,"href":"https:\/\/www.hitbelt.com\/es\/wp-json\/wp\/v2\/media\/1135"}],"wp:attachment":[{"href":"https:\/\/www.hitbelt.com\/es\/wp-json\/wp\/v2\/media?parent=1142"}],"wp:term":[{"taxonomy":"product_brand","embeddable":true,"href":"https:\/\/www.hitbelt.com\/es\/wp-json\/wp\/v2\/product_brand?post=1142"},{"taxonomy":"product_cat","embeddable":true,"href":"https:\/\/www.hitbelt.com\/es\/wp-json\/wp\/v2\/product_cat?post=1142"},{"taxonomy":"product_tag","embeddable":true,"href":"https:\/\/www.hitbelt.com\/es\/wp-json\/wp\/v2\/product_tag?post=1142"}],"curies":[{"name":"wp","href":"https:\/\/api.w.org\/{rel}","templated":true}]}}