{"id":1128,"date":"2023-07-14T06:13:54","date_gmt":"2023-07-14T06:13:54","guid":{"rendered":"https:\/\/www.hitbelt.com\/?post_type=product&#038;p=1128"},"modified":"2025-06-19T06:24:27","modified_gmt":"2025-06-19T06:24:27","slug":"flat-belts","status":"publish","type":"product","link":"https:\/\/www.hitbelt.com\/es\/producto\/flat-belts","title":{"rendered":"correas planas"},"content":{"rendered":"<p>Especificaciones clave\/caracter\u00edsticas especiales<\/p>\n<p>Cord\u00f3n de fibra: 100% mezcla de algod\u00f3n, nailon y algod\u00f3n;<br \/>\nElast\u00f3mero: caucho de cloropreno de alta calidad;<br \/>\nAncho: 20 a 1.000 mm;<br \/>\nCapas: dos ilimitadas;<br \/>\nColores: marr\u00f3n, beige y negro;<br \/>\nBuena flexibilidad, alta viscosidad y baja tasa de alargamiento.<\/p>\n<p><b>Aplicaciones de mercado<\/b><\/p>\n<p>Se utiliza para m\u00e1quinas embutidoras de arroz y alimentos, maquinaria petrolera, maquinaria de piedra y arena.<\/p>\n<p>&nbsp;<\/p>\n<a  class=\"button  button_size_2\"  href=\"https:\/\/www.hitbelt.com\/es\/bicycles\/flat-belts\/\" target=\"_blank\"   ><span class=\"button_label\">Consultar tallas disponibles<\/span><\/a>\n\n<p>&nbsp;<\/p>","protected":false},"excerpt":{"rendered":"<p>Al emplear refuerzo de alta intensidad, ligero alargamiento y antidesgaste como base fuerte, la correa plana de caucho de alta velocidad se caracteriza por una fuerte potencia de transmisi\u00f3n y antidesgaste. Empleando caucho de cloropreno importado, con anticalor, antiaceite, antidesgaste y larga vida \u00fatil. Por lo tanto, la transmisi\u00f3n de alta velocidad por correa plana se convierte en la m\u00e1s satisfactoria.<\/p>","protected":false},"featured_media":2932,"comment_status":"closed","ping_status":"closed","template":"","meta":{"_acf_changed":false,"_joinchat":[]},"product_brand":[],"product_cat":[53],"product_tag":[104],"class_list":{"0":"post-1128","1":"product","2":"type-product","3":"status-publish","4":"has-post-thumbnail","6":"product_cat-rubber-belt","7":"product_tag-flat-belts","9":"first","10":"instock","11":"shipping-taxable","12":"product-type-simple"},"acf":[],"_links":{"self":[{"href":"https:\/\/www.hitbelt.com\/es\/wp-json\/wp\/v2\/product\/1128","targetHints":{"allow":["GET"]}}],"collection":[{"href":"https:\/\/www.hitbelt.com\/es\/wp-json\/wp\/v2\/product"}],"about":[{"href":"https:\/\/www.hitbelt.com\/es\/wp-json\/wp\/v2\/types\/product"}],"replies":[{"embeddable":true,"href":"https:\/\/www.hitbelt.com\/es\/wp-json\/wp\/v2\/comments?post=1128"}],"wp:featuredmedia":[{"embeddable":true,"href":"https:\/\/www.hitbelt.com\/es\/wp-json\/wp\/v2\/media\/2932"}],"wp:attachment":[{"href":"https:\/\/www.hitbelt.com\/es\/wp-json\/wp\/v2\/media?parent=1128"}],"wp:term":[{"taxonomy":"product_brand","embeddable":true,"href":"https:\/\/www.hitbelt.com\/es\/wp-json\/wp\/v2\/product_brand?post=1128"},{"taxonomy":"product_cat","embeddable":true,"href":"https:\/\/www.hitbelt.com\/es\/wp-json\/wp\/v2\/product_cat?post=1128"},{"taxonomy":"product_tag","embeddable":true,"href":"https:\/\/www.hitbelt.com\/es\/wp-json\/wp\/v2\/product_tag?post=1128"}],"curies":[{"name":"wp","href":"https:\/\/api.w.org\/{rel}","templated":true}]}}