{"id":1106,"date":"2023-07-14T06:11:39","date_gmt":"2023-07-14T06:11:39","guid":{"rendered":"https:\/\/www.hitbelt.com\/?post_type=product&#038;p=1106"},"modified":"2025-06-24T01:43:13","modified_gmt":"2025-06-24T01:43:13","slug":"open-long-length","status":"publish","type":"product","link":"https:\/\/www.hitbelt.com\/es\/producto\/open-long-length","title":{"rendered":"ABIERTO"},"content":{"rendered":"<p><strong>Caracter\u00edsticas\/Ventajas<\/strong><br \/>\n\u2013 Dimensiones constantes<br \/>\n\u2013 Silencioso<br \/>\n\u2013 Mantenimiento gratuito<br \/>\n\u2013 Alta flexibilidad con cordones de fibra de vidrio.<br \/>\n\u2013 Baja pretensi\u00f3n<br \/>\n\u2013 Longitud constante<br \/>\n\u2013 Alta resistencia a la abrasi\u00f3n<\/p>\n<p><strong>Mercados\/Aplicaciones<\/strong><br \/>\n\u2013 Puertas autom\u00e1ticas de garaje.<br \/>\n\u2013 Puertas correderas autom\u00e1ticas<br \/>\n\u2013 Mesas XY en m\u00e1quinas herramienta.<br \/>\n\u2013 Control de nivel en ascensores<br \/>\n\u2013 M\u00e1quinas de fitness<br \/>\n\u2013 Impresoras<br \/>\n\u2013 Sistemas de posicionamiento lineal<\/p>\n<p>&nbsp;<\/p>\n<h4>Gama de producci\u00f3n<\/h4>\n<a  class=\"button  button_size_2\"  href=\"https:\/\/www.hitbelt.com\/es\/bicycles\/open-long-length\/\" target=\"_blank\"   ><span class=\"button_label\">Consultar tallas disponibles<\/span><\/a>\n\n<div id=\"gtx-trans\" style=\"position: absolute; left: 96px; top: 578.93px;\">\n<div class=\"gtx-trans-icon\"><\/div>\n<\/div>","protected":false},"excerpt":{"rendered":"<p>Las correas HIT Rubber Open Long length son correas de distribuci\u00f3n a base de caucho fabricadas con materiales de alta calidad. Son especialmente adecuadas para dispositivos de inversi\u00f3n y aplicaciones cuando los movimientos de rotaci\u00f3n deben transformarse en movimientos lineales y se requiere una alta precisi\u00f3n de posicionamiento.<\/p>","protected":false},"featured_media":1115,"comment_status":"closed","ping_status":"closed","template":"","meta":{"_acf_changed":false,"_joinchat":[]},"product_brand":[],"product_cat":[53],"product_tag":[103],"class_list":{"0":"post-1106","1":"product","2":"type-product","3":"status-publish","4":"has-post-thumbnail","6":"product_cat-rubber-belt","7":"product_tag-timing-belts","9":"first","10":"instock","11":"shipping-taxable","12":"product-type-simple"},"acf":[],"_links":{"self":[{"href":"https:\/\/www.hitbelt.com\/es\/wp-json\/wp\/v2\/product\/1106","targetHints":{"allow":["GET"]}}],"collection":[{"href":"https:\/\/www.hitbelt.com\/es\/wp-json\/wp\/v2\/product"}],"about":[{"href":"https:\/\/www.hitbelt.com\/es\/wp-json\/wp\/v2\/types\/product"}],"replies":[{"embeddable":true,"href":"https:\/\/www.hitbelt.com\/es\/wp-json\/wp\/v2\/comments?post=1106"}],"wp:featuredmedia":[{"embeddable":true,"href":"https:\/\/www.hitbelt.com\/es\/wp-json\/wp\/v2\/media\/1115"}],"wp:attachment":[{"href":"https:\/\/www.hitbelt.com\/es\/wp-json\/wp\/v2\/media?parent=1106"}],"wp:term":[{"taxonomy":"product_brand","embeddable":true,"href":"https:\/\/www.hitbelt.com\/es\/wp-json\/wp\/v2\/product_brand?post=1106"},{"taxonomy":"product_cat","embeddable":true,"href":"https:\/\/www.hitbelt.com\/es\/wp-json\/wp\/v2\/product_cat?post=1106"},{"taxonomy":"product_tag","embeddable":true,"href":"https:\/\/www.hitbelt.com\/es\/wp-json\/wp\/v2\/product_tag?post=1106"}],"curies":[{"name":"wp","href":"https:\/\/api.w.org\/{rel}","templated":true}]}}