{"id":1094,"date":"2023-07-14T05:33:17","date_gmt":"2023-07-14T05:33:17","guid":{"rendered":"https:\/\/www.hitbelt.com\/?post_type=product&#038;p=1094"},"modified":"2025-06-24T01:32:49","modified_gmt":"2025-06-24T01:32:49","slug":"htd-dd","status":"publish","type":"product","link":"https:\/\/www.hitbelt.com\/es\/producto\/htd-dd","title":{"rendered":"HTD y DD"},"content":{"rendered":"<p>Caracter\u00edsticas\/Ventajas<\/p>\n<p>\u2013 El cord\u00f3n de tracci\u00f3n de fibra de vidrio proporciona alta resistencia, excelente vida \u00fatil y alta resistencia al alargamiento.<br \/>\n\u2013 El cuerpo de neopreno brinda protecci\u00f3n contra la suciedad, la grasa, el aceite y la humedad.<br \/>\n\u2013 El revestimiento de los dientes de nailon proporciona una superficie de desgaste duradera para una larga vida \u00fatil.<br \/>\n\u2013 Aumento del treinta por ciento en la potencia nominal, en comparaci\u00f3n con las correas de distribuci\u00f3n tradicionales.<br \/>\n\u2013 Elimina la lubricaci\u00f3n y el retensado para reducir el mantenimiento y la mano de obra necesarios en las transmisiones.<br \/>\n\u2013 La forma optimizada del diente permite transmitir cargas elevadas, incluso en pasos peque\u00f1os.<br \/>\n\u2013 Amplio rango de velocidades.<br \/>\n\u2013 Funcionamiento econ\u00f3mico. No necesita lubricaci\u00f3n ni ajuste debido al estiramiento y al desgaste.<br \/>\n- Dise\u00f1o compacto.<br \/>\n- Larga vida \u00fatil.<\/p>\n<p><b>Nuestros tama\u00f1os disponibles incluyen<\/b><\/p>\n<table class=\"ke-zeroborder\" border=\"0\" width=\"424\" cellspacing=\"0\" cellpadding=\"0\">\n<colgroup>\n<col width=\"94\" \/>\n<col width=\"84\" \/>\n<col span=\"2\" width=\"84\" \/><\/colgroup>\n<tbody>\n<tr>\n<td height=\"15\">Tipo<\/td>\n<td>libras (mm)<\/td>\n<td>altura (mm)<\/td>\n<td>h (mm)<\/td>\n<\/tr>\n<tr>\n<td height=\"15\">\u00a0\u00a0\u00a0HTD 2M &gt;&gt;<\/td>\n<td>2.0<\/td>\n<td>0.75<\/td>\n<td>1.36<\/td>\n<\/tr>\n<tr>\n<td height=\"15\">\u00a0\u00a0\u00a0HTD 3M &gt;&gt;<\/td>\n<td>3.0<\/td>\n<td>1.17<\/td>\n<td>2.40<\/td>\n<\/tr>\n<tr>\n<td height=\"15\">\u00a0\u00a0\u00a0HTD 5M &gt;&gt;<\/td>\n<td>5.0<\/td>\n<td>2.06<\/td>\n<td>3.80<\/td>\n<\/tr>\n<tr>\n<td height=\"15\">\u00a0\u00a0\u00a0HTD 8M &gt;&gt;<\/td>\n<td>8.0<\/td>\n<td>3.36<\/td>\n<td>6.00<\/td>\n<\/tr>\n<tr>\n<td height=\"15\">\u00a0\u00a0\u00a0HTD 14M &gt;&gt;<\/td>\n<td>14.0<\/td>\n<td>6.02<\/td>\n<td>10.00<\/td>\n<\/tr>\n<tr>\n<td height=\"15\">\u00a0\u00a0\u00a0HTD 20M &gt;&gt;<\/td>\n<td>20.0<\/td>\n<td>8.40<\/td>\n<td>13.20<\/td>\n<\/tr>\n<\/tbody>\n<\/table>\n<p><img loading=\"lazy\" decoding=\"async\" class=\"alignnone size-medium wp-image-1096\" src=\"https:\/\/www.hitbelt.com\/wp-content\/uploads\/2023\/07\/rubber-timing-belts-pic.gif\" alt=\"\" width=\"280\" height=\"152\" \/> <img loading=\"lazy\" decoding=\"async\" class=\"alignnone size-medium wp-image-1097\" src=\"https:\/\/www.hitbelt.com\/wp-content\/uploads\/2023\/07\/rubber-timing-belt-3.gif\" alt=\"\" width=\"219\" height=\"246\" \/><\/p>\n<p>&nbsp;<\/p>\n<a  class=\"button  button_size_2\"  href=\"https:\/\/www.hitbelt.com\/es\/bicycles\/rpp-dd\/\" target=\"_blank\"   ><span class=\"button_label\">Consultar tallas disponibles<\/span><\/a>","protected":false},"excerpt":{"rendered":"<p>Adecuado para muchas aplicaciones, incluido el almacenamiento de datos, herramientas el\u00e9ctricas manuales, manipulaci\u00f3n de env\u00edos, procesadores de alimentos, m\u00e1quinas de oficina, centr\u00edfugas, manipulaci\u00f3n de dinero, diagn\u00f3stico m\u00e9dico, m\u00e1quinas de coser, dispensadores de billetes, rob\u00f3tica, m\u00e1quinas expendedoras y aspiradoras.<\/p>","protected":false},"featured_media":1095,"comment_status":"closed","ping_status":"closed","template":"","meta":{"_acf_changed":false,"_joinchat":[]},"product_brand":[],"product_cat":[147,53],"product_tag":[103],"class_list":{"0":"post-1094","1":"product","2":"type-product","3":"status-publish","4":"has-post-thumbnail","6":"product_cat-home-products","7":"product_cat-rubber-belt","8":"product_tag-timing-belts","10":"first","11":"instock","12":"shipping-taxable","13":"product-type-simple"},"acf":[],"_links":{"self":[{"href":"https:\/\/www.hitbelt.com\/es\/wp-json\/wp\/v2\/product\/1094","targetHints":{"allow":["GET"]}}],"collection":[{"href":"https:\/\/www.hitbelt.com\/es\/wp-json\/wp\/v2\/product"}],"about":[{"href":"https:\/\/www.hitbelt.com\/es\/wp-json\/wp\/v2\/types\/product"}],"replies":[{"embeddable":true,"href":"https:\/\/www.hitbelt.com\/es\/wp-json\/wp\/v2\/comments?post=1094"}],"wp:featuredmedia":[{"embeddable":true,"href":"https:\/\/www.hitbelt.com\/es\/wp-json\/wp\/v2\/media\/1095"}],"wp:attachment":[{"href":"https:\/\/www.hitbelt.com\/es\/wp-json\/wp\/v2\/media?parent=1094"}],"wp:term":[{"taxonomy":"product_brand","embeddable":true,"href":"https:\/\/www.hitbelt.com\/es\/wp-json\/wp\/v2\/product_brand?post=1094"},{"taxonomy":"product_cat","embeddable":true,"href":"https:\/\/www.hitbelt.com\/es\/wp-json\/wp\/v2\/product_cat?post=1094"},{"taxonomy":"product_tag","embeddable":true,"href":"https:\/\/www.hitbelt.com\/es\/wp-json\/wp\/v2\/product_tag?post=1094"}],"curies":[{"name":"wp","href":"https:\/\/api.w.org\/{rel}","templated":true}]}}