{"id":1089,"date":"2023-07-14T03:49:43","date_gmt":"2023-07-14T03:49:43","guid":{"rendered":"https:\/\/www.hitbelt.com\/?post_type=product&#038;p=1089"},"modified":"2025-06-24T01:35:24","modified_gmt":"2025-06-24T01:35:24","slug":"t2-5t5t10t20at5at10-dd","status":"publish","type":"product","link":"https:\/\/www.hitbelt.com\/es\/producto\/t2-5t5t10t20at5at10-dd","title":{"rendered":"DIENTES M\u00c9TRICOS&amp;DD"},"content":{"rendered":"<p><b>Mercados\/Aplicaciones<\/b><br \/>\nAdecuado para m\u00e1quinas de oficina, m\u00e1quinas herramienta, equipos postales, m\u00e1quinas de coser, m\u00e1quinas expendedoras, agricultura, equipos el\u00e9ctricos para exteriores, procesamiento de alimentos, HVAC, campos petrol\u00edferos, aplicaciones de madera, papel, arena y grava.<\/p>\n<p><b>Caracter\u00edsticas\/Ventajas<\/b><br \/>\n\u2013 El cord\u00f3n de tracci\u00f3n de fibra de vidrio proporciona alta resistencia, excelente vida \u00fatil y alta resistencia al alargamiento.<br \/>\n\u2013 El cuerpo de neopreno brinda protecci\u00f3n contra la suciedad, la grasa, el aceite y la humedad.<br \/>\n\u2013 El revestimiento de los dientes de nailon proporciona una superficie de desgaste duradera para una larga vida \u00fatil.<br \/>\n\u2013 Elimina la lubricaci\u00f3n y el retensado para reducir el mantenimiento y la mano de obra necesarios en las transmisiones.<br \/>\n\u2013 Funcionamiento limpio, silencioso y suave.<br \/>\n\u2013 No requiere lubricaci\u00f3n.<\/p>\n<p>Nuestros tama\u00f1os disponibles incluyen<\/p>\n<p>&nbsp;<\/p>\n<table class=\"ke-zeroborder\" border=\"0\" width=\"640\" cellspacing=\"0\" cellpadding=\"0\">\n<colgroup>\n<col width=\"39\" \/>\n<col width=\"56\" \/>\n<col width=\"53\" \/>\n<col width=\"67\" \/>\n<col width=\"58\" \/>\n<col span=\"5\" width=\"62\" \/><\/colgroup>\n<tbody>\n<tr>\n<td rowspan=\"2\" height=\"49\">Tipo<\/td>\n<td>Paso<\/td>\n<td>Altura del diente<\/td>\n<td>Grosor de la correa<\/td>\n<td rowspan=\"2\">\u00c1ngulo \u03b2\u00b0<\/td>\n<td colspan=\"5\">M\u00edn. permitido. N\u00famero de dientes de la polea<br \/>\nVelocidad de rotaci\u00f3n de la polea peque\u00f1a (r\/min)<\/td>\n<\/tr>\n<tr>\n<td height=\"19\">Pb(mm)<\/td>\n<td>altura(mm)<\/td>\n<td>h(mm)<\/td>\n<td width=\"54\">&lt;900<\/td>\n<td width=\"56\">900~1200<\/td>\n<td width=\"57\">1200~1800<\/td>\n<td width=\"60\">1800~3600<\/td>\n<td width=\"58\">3600~4800<\/td>\n<\/tr>\n<tr>\n<td height=\"19\">T2.5 &gt;&gt;<\/td>\n<td>2.5<\/td>\n<td>0.7<\/td>\n<td>1.3<\/td>\n<td>40<\/td>\n<td width=\"54\">10<\/td>\n<td width=\"56\">12<\/td>\n<td width=\"57\">14<\/td>\n<td width=\"60\">16<\/td>\n<td width=\"58\">18<\/td>\n<\/tr>\n<tr>\n<td height=\"19\">T5 &gt;&gt;<\/td>\n<td>5<\/td>\n<td>1.2<\/td>\n<td>2.2<\/td>\n<td>40<\/td>\n<td width=\"54\">10<\/td>\n<td width=\"56\">10<\/td>\n<td width=\"57\">12<\/td>\n<td width=\"60\">12<\/td>\n<td width=\"58\">15<\/td>\n<\/tr>\n<tr>\n<td height=\"19\">T10 &gt;&gt;<\/td>\n<td>10<\/td>\n<td>2.5<\/td>\n<td>4.5<\/td>\n<td>40<\/td>\n<td width=\"54\">12<\/td>\n<td width=\"56\">12<\/td>\n<td width=\"57\">14<\/td>\n<td width=\"60\">16<\/td>\n<td width=\"58\">18<\/td>\n<\/tr>\n<tr>\n<td height=\"19\">T20 &gt;&gt;<\/td>\n<td>20<\/td>\n<td>5<\/td>\n<td>8<\/td>\n<td>40<\/td>\n<td width=\"54\">22<\/td>\n<td width=\"56\">24<\/td>\n<td width=\"57\">26<\/td>\n<td width=\"60\">30<\/td>\n<td width=\"58\">&#8211;<\/td>\n<\/tr>\n<\/tbody>\n<\/table>\n<p>&nbsp;<\/p>\n<table class=\"ke-zeroborder\" border=\"0\" width=\"640\" cellspacing=\"0\" cellpadding=\"0\">\n<colgroup>\n<col width=\"148\" \/>\n<col span=\"7\" width=\"60\" \/><\/colgroup>\n<tbody>\n<tr>\n<td colspan=\"8\" height=\"19\">Ellos en. Di\u00e1metro de engarce permitido<\/td>\n<\/tr>\n<tr>\n<td height=\"19\">Tipo<\/td>\n<td>T2.5<\/td>\n<td>T5<\/td>\n<td>T10<\/td>\n<td>T20<\/td>\n<td>A LAS 5<\/td>\n<td>A LAS 10<\/td>\n<td width=\"62\">AT20<\/td>\n<\/tr>\n<tr>\n<td height=\"19\">M\u00edn. Di\u00e1metro de engarce (mm)<\/td>\n<td>15<\/td>\n<td>15<\/td>\n<td>20<\/td>\n<td>40<\/td>\n<td>15<\/td>\n<td>20<\/td>\n<td width=\"62\">40<\/td>\n<\/tr>\n<\/tbody>\n<\/table>\n<p>&nbsp;<\/p>\n<p><img loading=\"lazy\" decoding=\"async\" class=\"alignnone size-medium wp-image-1091\" src=\"https:\/\/www.hitbelt.com\/wp-content\/uploads\/2023\/07\/timing-belt-2-500x100.gif\" alt=\"\" width=\"500\" height=\"100\" srcset=\"https:\/\/www.hitbelt.com\/wp-content\/uploads\/2023\/07\/timing-belt-2-500x100.gif 500w, https:\/\/www.hitbelt.com\/wp-content\/uploads\/2023\/07\/timing-belt-2-18x4.gif 18w, https:\/\/www.hitbelt.com\/wp-content\/uploads\/2023\/07\/timing-belt-2-150x30.gif 150w, https:\/\/www.hitbelt.com\/wp-content\/uploads\/2023\/07\/timing-belt-2-480x96.gif 480w\" sizes=\"auto, (max-width:767px) 480px, 500px\" \/><\/p>\n<a  class=\"button  button_size_2\"  href=\"https:\/\/www.hitbelt.com\/es\/bicycles\/t2-5t5t10t20at5at10-dd\/\" target=\"_blank\"   ><span class=\"button_label\">Consultar tallas disponibles<\/span><\/a>","protected":false},"excerpt":{"rendered":"<p>El perfil de dientes tipo T hace que esta correa sea muy adecuada para su uso en aplicaciones de posicionamiento.<\/p>","protected":false},"featured_media":2660,"comment_status":"closed","ping_status":"closed","template":"","meta":{"_acf_changed":false,"_joinchat":[]},"product_brand":[],"product_cat":[53],"product_tag":[103],"class_list":{"0":"post-1089","1":"product","2":"type-product","3":"status-publish","4":"has-post-thumbnail","6":"product_cat-rubber-belt","7":"product_tag-timing-belts","9":"first","10":"instock","11":"shipping-taxable","12":"product-type-simple"},"acf":[],"_links":{"self":[{"href":"https:\/\/www.hitbelt.com\/es\/wp-json\/wp\/v2\/product\/1089","targetHints":{"allow":["GET"]}}],"collection":[{"href":"https:\/\/www.hitbelt.com\/es\/wp-json\/wp\/v2\/product"}],"about":[{"href":"https:\/\/www.hitbelt.com\/es\/wp-json\/wp\/v2\/types\/product"}],"replies":[{"embeddable":true,"href":"https:\/\/www.hitbelt.com\/es\/wp-json\/wp\/v2\/comments?post=1089"}],"wp:featuredmedia":[{"embeddable":true,"href":"https:\/\/www.hitbelt.com\/es\/wp-json\/wp\/v2\/media\/2660"}],"wp:attachment":[{"href":"https:\/\/www.hitbelt.com\/es\/wp-json\/wp\/v2\/media?parent=1089"}],"wp:term":[{"taxonomy":"product_brand","embeddable":true,"href":"https:\/\/www.hitbelt.com\/es\/wp-json\/wp\/v2\/product_brand?post=1089"},{"taxonomy":"product_cat","embeddable":true,"href":"https:\/\/www.hitbelt.com\/es\/wp-json\/wp\/v2\/product_cat?post=1089"},{"taxonomy":"product_tag","embeddable":true,"href":"https:\/\/www.hitbelt.com\/es\/wp-json\/wp\/v2\/product_tag?post=1089"}],"curies":[{"name":"wp","href":"https:\/\/api.w.org\/{rel}","templated":true}]}}