{"id":1079,"date":"2023-07-14T03:40:47","date_gmt":"2023-07-14T03:40:47","guid":{"rendered":"https:\/\/www.hitbelt.com\/?post_type=product&#038;p=1079"},"modified":"2025-06-24T01:34:34","modified_gmt":"2025-06-24T01:34:34","slug":"mxlxllhxhxxh-dd","status":"publish","type":"product","link":"https:\/\/www.hitbelt.com\/es\/producto\/mxlxllhxhxxh-dd","title":{"rendered":"DIENTES IMPERIALES Y DD"},"content":{"rendered":"<p><b>Mercados\/Aplicaciones<\/b><br \/>\nAdecuado para m\u00e1quinas de oficina, m\u00e1quinas herramienta, equipos postales, m\u00e1quinas de coser, m\u00e1quinas expendedoras, agricultura, equipos el\u00e9ctricos para exteriores, procesamiento de alimentos, HVAC, campos petrol\u00edferos, aplicaciones de madera, papel, arena y grava.<\/p>\n<p><b>Caracter\u00edsticas\/Ventajas<\/b><br \/>\n\u2013 El cord\u00f3n de tracci\u00f3n de fibra de vidrio proporciona alta resistencia, excelente vida \u00fatil y alta resistencia al alargamiento.<br \/>\n\u2013 Cuerpo de neopreno contra suciedad, grasa, aceite y humedad.<br \/>\n\u2013 El revestimiento de los dientes de nailon proporciona una superficie de desgaste duradera para una larga vida \u00fatil.<br \/>\n\u2013 Elimina la lubricaci\u00f3n y el retensado para reducir el mantenimiento y la mano de obra necesarios en las transmisiones.<br \/>\n\u2013 Baja carga de rodamiento debido a la libertad de alta tensi\u00f3n.<br \/>\n\u2013 Amplia gama de capacidades de carga y relaciones de velocidad.<br \/>\n\u2013 Continuidad de funcionamiento sin mantenimiento.<br \/>\n\u2013 Enganche positivo antideslizante.<\/p>\n<p align=\"left\"><b>Nuestros tama\u00f1os disponibles incluyen<\/b><\/p>\n<p>&nbsp;<\/p>\n<table border=\"1\" width=\"640\" cellspacing=\"0\" cellpadding=\"0\">\n<colgroup>\n<col width=\"86\" \/>\n<col width=\"93\" \/>\n<col width=\"138\" \/>\n<col width=\"151\" \/>\n<col width=\"99\" \/><\/colgroup>\n<tbody>\n<tr>\n<td height=\"15\">Tipo<\/td>\n<td>Paso\/Pb(mm)<\/td>\n<td>Altura del diente\/altura(mm)<\/td>\n<td>Grosor de la correa\/hs(mm)<\/td>\n<td>\u00c1ngulo\u00a0<span class=\"font5\" lang=\"ZH-CN\">\u03b2\u00b0<\/span><\/td>\n<\/tr>\n<tr>\n<td height=\"15\"><b>XL &gt;&gt;<\/b><\/td>\n<td>2.032<\/td>\n<td>0.51<\/td>\n<td>1.14<\/td>\n<td>40<\/td>\n<\/tr>\n<tr>\n<td height=\"15\"><b>XL &gt;&gt;<\/b><\/td>\n<td>5.08<\/td>\n<td>1.27<\/td>\n<td>2.3<\/td>\n<td>50<\/td>\n<\/tr>\n<tr>\n<td height=\"15\"><b>L &gt;&gt;<\/b><\/td>\n<td>9.525<\/td>\n<td>1.91<\/td>\n<td>3.6<\/td>\n<td>40<\/td>\n<\/tr>\n<tr>\n<td height=\"15\"><b>H &gt;&gt;<\/b><\/td>\n<td>12.7<\/td>\n<td>2.29<\/td>\n<td>4.3<\/td>\n<td>40<\/td>\n<\/tr>\n<tr>\n<td height=\"15\"><b>XH &gt;&gt;<\/b><\/td>\n<td>22.225<\/td>\n<td>6.35<\/td>\n<td>11.2<\/td>\n<td>40<\/td>\n<\/tr>\n<tr>\n<td height=\"15\"><b>XXH &gt;&gt;<\/b><\/td>\n<td>31.75<\/td>\n<td>9.53<\/td>\n<td>15.7<\/td>\n<td>40<\/td>\n<\/tr>\n<\/tbody>\n<\/table>\n<p><img loading=\"lazy\" decoding=\"async\" class=\"alignnone size-medium wp-image-1080\" src=\"https:\/\/www.hitbelt.com\/wp-content\/uploads\/2023\/07\/timing-belt-1-500x100.gif\" alt=\"\" width=\"500\" height=\"100\" srcset=\"https:\/\/www.hitbelt.com\/wp-content\/uploads\/2023\/07\/timing-belt-1-500x100.gif 500w, https:\/\/www.hitbelt.com\/wp-content\/uploads\/2023\/07\/timing-belt-1-18x4.gif 18w, https:\/\/www.hitbelt.com\/wp-content\/uploads\/2023\/07\/timing-belt-1-150x30.gif 150w, https:\/\/www.hitbelt.com\/wp-content\/uploads\/2023\/07\/timing-belt-1-480x96.gif 480w\" sizes=\"auto, (max-width:767px) 480px, 500px\" \/><\/p>\n<p>&nbsp;<\/p>\n<h4>Gama de producci\u00f3n<\/h4>\n<a  class=\"button  button_size_2\"  href=\"https:\/\/www.hitbelt.com\/es\/bicycles\/mxlxllhxhxxh-dd\/\" target=\"_blank\"   ><span class=\"button_label\">Consultar tallas disponibles<\/span><\/a>\n\n<div id=\"gtx-trans\" style=\"position: absolute; left: -17px; top: 795.5px;\">\n<div class=\"gtx-trans-icon\"><\/div>\n<\/div>","protected":false},"excerpt":{"rendered":"<p>El perfil de los dientes trapezoidales hace que esta correa sea muy adecuada para su uso en aplicaciones de posicionamiento.<\/p>","protected":false},"featured_media":2659,"comment_status":"closed","ping_status":"closed","template":"","meta":{"_acf_changed":false,"_joinchat":[]},"product_brand":[],"product_cat":[53],"product_tag":[103],"class_list":{"0":"post-1079","1":"product","2":"type-product","3":"status-publish","4":"has-post-thumbnail","6":"product_cat-rubber-belt","7":"product_tag-timing-belts","9":"first","10":"instock","11":"shipping-taxable","12":"product-type-simple"},"acf":[],"_links":{"self":[{"href":"https:\/\/www.hitbelt.com\/es\/wp-json\/wp\/v2\/product\/1079","targetHints":{"allow":["GET"]}}],"collection":[{"href":"https:\/\/www.hitbelt.com\/es\/wp-json\/wp\/v2\/product"}],"about":[{"href":"https:\/\/www.hitbelt.com\/es\/wp-json\/wp\/v2\/types\/product"}],"replies":[{"embeddable":true,"href":"https:\/\/www.hitbelt.com\/es\/wp-json\/wp\/v2\/comments?post=1079"}],"wp:featuredmedia":[{"embeddable":true,"href":"https:\/\/www.hitbelt.com\/es\/wp-json\/wp\/v2\/media\/2659"}],"wp:attachment":[{"href":"https:\/\/www.hitbelt.com\/es\/wp-json\/wp\/v2\/media?parent=1079"}],"wp:term":[{"taxonomy":"product_brand","embeddable":true,"href":"https:\/\/www.hitbelt.com\/es\/wp-json\/wp\/v2\/product_brand?post=1079"},{"taxonomy":"product_cat","embeddable":true,"href":"https:\/\/www.hitbelt.com\/es\/wp-json\/wp\/v2\/product_cat?post=1079"},{"taxonomy":"product_tag","embeddable":true,"href":"https:\/\/www.hitbelt.com\/es\/wp-json\/wp\/v2\/product_tag?post=1079"}],"curies":[{"name":"wp","href":"https:\/\/api.w.org\/{rel}","templated":true}]}}