{"id":1074,"date":"2023-07-14T03:29:59","date_gmt":"2023-07-14T03:29:59","guid":{"rendered":"https:\/\/www.hitbelt.com\/?post_type=product&#038;p=1074"},"modified":"2023-12-06T06:05:21","modified_gmt":"2023-12-06T06:05:21","slug":"avx-belts","status":"publish","type":"product","link":"https:\/\/www.hitbelt.com\/es\/producto\/avx-belts","title":{"rendered":"Cinturones AVX"},"content":{"rendered":"<p>Las correas perfiladas AVX se utilizan en sistemas de propulsi\u00f3n de autom\u00f3viles de nueva construcci\u00f3n para aumentar la potencia transmitida. Las correas se producen con tolerancia de longitud permanente y se pueden instalar en sistemas de transmisi\u00f3n sin ning\u00fan control adicional de selecci\u00f3n de correas. Despu\u00e9s del per\u00edodo de rodaje, las correas trapezoidales con lados de perfil abierto AVX trabajan con un coeficiente de fricci\u00f3n constante, destacan por su alta estabilidad t\u00e9rmica y resistencia al aceite junto con propiedades antiest\u00e1ticas \u00f3ptimas.<\/p>\n<p>Las mezclas de caucho espec\u00edficas utilizadas resisten una mayor presi\u00f3n y altas temperaturas en condiciones de funcionamiento no est\u00e1ndar. Una superficie festoneada proporciona a la correa una mayor flexibilidad, un ajuste \u00f3ptimo con las ranuras de las poleas y una temperatura reducida durante la operaci\u00f3n, lo que aumenta la vida \u00fatil de la correa y disminuye sus gastos de reemplazo y mantenimiento.<\/p>\n<p>Secci\u00f3n transversal de la correa HIT \u2013 AVX 8,5; AVX 10; AVX 11; AVX 12,5; AVX 13; AVX 14; AVX 16; AVX 21<\/p>\n<table class=\"excel735\" cellspacing=\"0\" cellpadding=\"0\">\n<tbody>\n<tr>\n<td class=\"excel742\" width=\"68\">Tipo<\/td>\n<td class=\"excel742\" width=\"68\">Li (mm)<\/td>\n<td class=\"excel743\" width=\"30\"><\/td>\n<td class=\"excel742\" width=\"68\">Tipo<\/td>\n<td class=\"excel742\" width=\"68\">Li (mm)<\/td>\n<td class=\"excel743\" width=\"29\"><\/td>\n<td class=\"excel742\" width=\"68\">Tipo<\/td>\n<td class=\"excel742\" width=\"68\">Li (mm)<\/td>\n<\/tr>\n<tr>\n<td class=\"excel738\">AVX10 x 1140<\/td>\n<td class=\"excel738\">1118<\/td>\n<td class=\"excel740\"><\/td>\n<td class=\"excel737\">AVX10x1235<\/td>\n<td class=\"excel737\">1213<\/td>\n<td class=\"excel740\"><\/td>\n<td class=\"excel737\">AVX10x1425<\/td>\n<td class=\"excel737\">1403<\/td>\n<\/tr>\n<tr>\n<td class=\"excel741\">AVX10 x 1150<\/td>\n<td class=\"excel741\">1128<\/td>\n<td class=\"excel740\"><\/td>\n<td class=\"excel741\">AVX10x1250<\/td>\n<td class=\"excel741\">1250<\/td>\n<td class=\"excel740\"><\/td>\n<td class=\"excel741\">AVX10x1450<\/td>\n<td class=\"excel741\">1428<\/td>\n<\/tr>\n<tr>\n<td class=\"excel738\">AVX10x1165<\/td>\n<td class=\"excel738\">1143<\/td>\n<td class=\"excel740\"><\/td>\n<td class=\"excel737\">AVX10x1260<\/td>\n<td class=\"excel737\">1238<\/td>\n<td class=\"excel740\"><\/td>\n<td class=\"excel737\">AVX10x1475<\/td>\n<td class=\"excel737\">1453<\/td>\n<\/tr>\n<tr>\n<td class=\"excel741\">AVX10x1175<\/td>\n<td class=\"excel741\">1153<\/td>\n<td class=\"excel740\"><\/td>\n<td class=\"excel741\">AVX10x1275<\/td>\n<td class=\"excel741\">1253<\/td>\n<td class=\"excel740\"><\/td>\n<td class=\"excel741\">AVX10x1500<\/td>\n<td class=\"excel741\">1478<\/td>\n<\/tr>\n<tr>\n<td class=\"excel738\">AVX10 x 1184<\/td>\n<td class=\"excel738\">1162<\/td>\n<td class=\"excel740\"><\/td>\n<td class=\"excel737\">AVX10x1300<\/td>\n<td class=\"excel737\">1278<\/td>\n<td class=\"excel740\"><\/td>\n<td class=\"excel737\">AVX10x1525<\/td>\n<td class=\"excel737\">1503<\/td>\n<\/tr>\n<tr>\n<td class=\"excel741\">AVX10x1200<\/td>\n<td class=\"excel741\">1178<\/td>\n<td class=\"excel740\"><\/td>\n<td class=\"excel741\">AVX10x1325<\/td>\n<td class=\"excel741\">1303<\/td>\n<td class=\"excel740\"><\/td>\n<td class=\"excel741\">AVX10x1550<\/td>\n<td class=\"excel741\">1528<\/td>\n<\/tr>\n<tr>\n<td class=\"excel738\">AVX10x1215<\/td>\n<td class=\"excel738\">1193<\/td>\n<td class=\"excel740\"><\/td>\n<td class=\"excel737\">AVX10x1340<\/td>\n<td class=\"excel737\">1318<\/td>\n<td class=\"excel740\"><\/td>\n<td class=\"excel737\">AVX10x1575<\/td>\n<td class=\"excel737\">1553<\/td>\n<\/tr>\n<tr>\n<td class=\"excel741\">AVX10x1220<\/td>\n<td class=\"excel741\">1198<\/td>\n<td class=\"excel740\"><\/td>\n<td class=\"excel741\">AVX10x1350<\/td>\n<td class=\"excel741\">1328<\/td>\n<td class=\"excel740\"><\/td>\n<td class=\"excel741\">AVX10x1600<\/td>\n<td class=\"excel741\">1578<\/td>\n<\/tr>\n<tr>\n<td class=\"excel738\">AVX10x1225<\/td>\n<td class=\"excel738\">1203<\/td>\n<td class=\"excel740\"><\/td>\n<td class=\"excel737\">AVX10x1375<\/td>\n<td class=\"excel737\">1353<\/td>\n<td class=\"excel740\"><\/td>\n<td class=\"excel737\">AVX10x1625<\/td>\n<td class=\"excel737\">1603<\/td>\n<\/tr>\n<tr>\n<td class=\"excel741\">AVX10 x 1230<\/td>\n<td class=\"excel741\">1208<\/td>\n<td class=\"excel740\"><\/td>\n<td class=\"excel741\">AVX10x1400<\/td>\n<td class=\"excel741\">1378<\/td>\n<td class=\"excel740\"><\/td>\n<td class=\"excel741\">AVX10x1675<\/td>\n<td class=\"excel741\">1653<\/td>\n<\/tr>\n<tr>\n<td class=\"excel739\" colspan=\"2\">\u00a0 AVX10 Secci\u00f3n 9,5 mm x 8 mm<\/td>\n<td class=\"excel740\"><\/td>\n<td class=\"excel737\"><\/td>\n<td class=\"excel737\"><\/td>\n<td class=\"excel740\"><\/td>\n<td class=\"excel737\"><\/td>\n<td class=\"excel737\"><\/td>\n<\/tr>\n<tr>\n<td class=\"excel739\"><\/td>\n<td class=\"excel739\"><\/td>\n<td class=\"excel740\"><\/td>\n<td class=\"excel737\"><\/td>\n<td class=\"excel737\"><\/td>\n<td class=\"excel740\"><\/td>\n<td class=\"excel737\"><\/td>\n<td class=\"excel737\"><\/td>\n<\/tr>\n<tr>\n<td class=\"excel738\"><\/td>\n<td class=\"excel738\"><\/td>\n<td class=\"excel740\"><\/td>\n<td class=\"excel737\"><\/td>\n<td class=\"excel737\"><\/td>\n<td class=\"excel740\"><\/td>\n<td class=\"excel737\"><\/td>\n<td class=\"excel737\"><\/td>\n<\/tr>\n<tr>\n<td class=\"excel742\">Tipo<\/td>\n<td class=\"excel742\">Li (mm)<\/td>\n<td class=\"excel743\"><\/td>\n<td class=\"excel742\">Tipo<\/td>\n<td class=\"excel742\">Li (mm)<\/td>\n<td class=\"excel743\"><\/td>\n<td class=\"excel742\">Tipo<\/td>\n<td class=\"excel742\">Li (mm)<\/td>\n<\/tr>\n<tr>\n<td class=\"excel738\">AVX13x750<\/td>\n<td class=\"excel738\">720<\/td>\n<td class=\"excel740\"><\/td>\n<td class=\"excel738\">AVX13x1040<\/td>\n<td class=\"excel738\">1010<\/td>\n<td class=\"excel740\"><\/td>\n<td class=\"excel738\">AVX13x1450<\/td>\n<td class=\"excel738\">1420<\/td>\n<\/tr>\n<tr>\n<td class=\"excel741\">AVX13x775<\/td>\n<td class=\"excel741\">745<\/td>\n<td class=\"excel740\"><\/td>\n<td class=\"excel741\">AVX13x1050<\/td>\n<td class=\"excel741\">1020<\/td>\n<td class=\"excel740\"><\/td>\n<td class=\"excel741\">AVX13x1475<\/td>\n<td class=\"excel741\">1445<\/td>\n<\/tr>\n<tr>\n<td class=\"excel738\">AVX13x800<\/td>\n<td class=\"excel738\">770<\/td>\n<td class=\"excel740\"><\/td>\n<td class=\"excel738\">AVX13x1055<\/td>\n<td class=\"excel738\">1025<\/td>\n<td class=\"excel740\"><\/td>\n<td class=\"excel738\">AVX13x1500<\/td>\n<td class=\"excel738\">1470<\/td>\n<\/tr>\n<tr>\n<td class=\"excel741\">AVX13x810<\/td>\n<td class=\"excel741\">780<\/td>\n<td class=\"excel740\"><\/td>\n<td class=\"excel741\">AVX13x1060<\/td>\n<td class=\"excel741\">1030<\/td>\n<td class=\"excel740\"><\/td>\n<td class=\"excel741\">AVX13x1525<\/td>\n<td class=\"excel741\">1495<\/td>\n<\/tr>\n<tr>\n<td class=\"excel738\">AVX13x818<\/td>\n<td class=\"excel738\">788<\/td>\n<td class=\"excel740\"><\/td>\n<td class=\"excel738\">AVX13x1075<\/td>\n<td class=\"excel738\">1045<\/td>\n<td class=\"excel740\"><\/td>\n<td class=\"excel738\">AVX13x1550<\/td>\n<td class=\"excel738\">1520<\/td>\n<\/tr>\n<tr>\n<td class=\"excel741\">AVX13x825<\/td>\n<td class=\"excel741\">795<\/td>\n<td class=\"excel740\"><\/td>\n<td class=\"excel741\">AVX13x1100<\/td>\n<td class=\"excel741\">1070<\/td>\n<td class=\"excel740\"><\/td>\n<td class=\"excel741\">AVX13x1575<\/td>\n<td class=\"excel741\">1545<\/td>\n<\/tr>\n<tr>\n<td class=\"excel738\">AVX13x835<\/td>\n<td class=\"excel738\">805<\/td>\n<td class=\"excel740\"><\/td>\n<td class=\"excel738\">AVX13x1125<\/td>\n<td class=\"excel738\">1095<\/td>\n<td class=\"excel740\"><\/td>\n<td class=\"excel738\">AVX13x1600<\/td>\n<td class=\"excel738\">1570<\/td>\n<\/tr>\n<tr>\n<td class=\"excel741\">AVX13x850<\/td>\n<td class=\"excel741\">820<\/td>\n<td class=\"excel740\"><\/td>\n<td class=\"excel741\">AVX13x1145<\/td>\n<td class=\"excel741\">1115<\/td>\n<td class=\"excel740\"><\/td>\n<td class=\"excel741\">AVX13x1625<\/td>\n<td class=\"excel741\">1595<\/td>\n<\/tr>\n<tr>\n<td class=\"excel738\">AVX13x875<\/td>\n<td class=\"excel738\">845<\/td>\n<td class=\"excel740\"><\/td>\n<td class=\"excel738\">AVX13x1150<\/td>\n<td class=\"excel738\">1120<\/td>\n<td class=\"excel740\"><\/td>\n<td class=\"excel738\">AVX13x1650<\/td>\n<td class=\"excel738\">1620<\/td>\n<\/tr>\n<tr>\n<td class=\"excel741\">AVX13x900<\/td>\n<td class=\"excel741\">870<\/td>\n<td class=\"excel740\"><\/td>\n<td class=\"excel741\">AVX13x1175<\/td>\n<td class=\"excel741\">1145<\/td>\n<td class=\"excel740\"><\/td>\n<td class=\"excel741\">AVX13x1675<\/td>\n<td class=\"excel741\">1645<\/td>\n<\/tr>\n<tr>\n<td class=\"excel738\">AVX13x918<\/td>\n<td class=\"excel738\">988<\/td>\n<td class=\"excel740\"><\/td>\n<td class=\"excel738\">AVX13x1200<\/td>\n<td class=\"excel738\">1170<\/td>\n<td class=\"excel740\"><\/td>\n<td class=\"excel738\">AVX13x1700<\/td>\n<td class=\"excel738\">1670<\/td>\n<\/tr>\n<tr>\n<td class=\"excel741\">AVX13x925<\/td>\n<td class=\"excel741\">895<\/td>\n<td class=\"excel740\"><\/td>\n<td class=\"excel741\">AVX13x1225<\/td>\n<td class=\"excel741\">1195<\/td>\n<td class=\"excel740\"><\/td>\n<td class=\"excel741\">AVX13x1725<\/td>\n<td class=\"excel741\">1695<\/td>\n<\/tr>\n<tr>\n<td class=\"excel738\">AVX13x950<\/td>\n<td class=\"excel738\">920<\/td>\n<td class=\"excel740\"><\/td>\n<td class=\"excel738\">AVX13x1250<\/td>\n<td class=\"excel738\">1220<\/td>\n<td class=\"excel740\"><\/td>\n<td class=\"excel738\">AVX13x1750<\/td>\n<td class=\"excel738\">1720<\/td>\n<\/tr>\n<tr>\n<td class=\"excel741\">AVX13x960<\/td>\n<td class=\"excel741\">930<\/td>\n<td class=\"excel740\"><\/td>\n<td class=\"excel741\">AVX13x1275<\/td>\n<td class=\"excel741\">1245<\/td>\n<td class=\"excel740\"><\/td>\n<td class=\"excel741\">AVX13x1775<\/td>\n<td class=\"excel741\">1745<\/td>\n<\/tr>\n<tr>\n<td class=\"excel738\">AVX13x975<\/td>\n<td class=\"excel738\">945<\/td>\n<td class=\"excel740\"><\/td>\n<td class=\"excel738\">AVX13x1285<\/td>\n<td class=\"excel738\">1255<\/td>\n<td class=\"excel740\"><\/td>\n<td class=\"excel738\">AVX13x1800<\/td>\n<td class=\"excel738\">1770<\/td>\n<\/tr>\n<tr>\n<td class=\"excel741\">AVX13x985<\/td>\n<td class=\"excel741\">955<\/td>\n<td class=\"excel740\"><\/td>\n<td class=\"excel741\">AVX13x1300<\/td>\n<td class=\"excel741\">1270<\/td>\n<td class=\"excel740\"><\/td>\n<td class=\"excel741\">AVX13x1900<\/td>\n<td class=\"excel741\">1870<\/td>\n<\/tr>\n<tr>\n<td class=\"excel738\">AVX13x992<\/td>\n<td class=\"excel738\">962<\/td>\n<td class=\"excel740\"><\/td>\n<td class=\"excel738\">AVX13x1325<\/td>\n<td class=\"excel738\">1295<\/td>\n<td class=\"excel740\"><\/td>\n<td class=\"excel738\">AVX13x1950<\/td>\n<td class=\"excel738\">1920<\/td>\n<\/tr>\n<tr>\n<td class=\"excel741\">AVX13x1000<\/td>\n<td class=\"excel741\">970<\/td>\n<td class=\"excel740\"><\/td>\n<td class=\"excel741\">AVX13x1350<\/td>\n<td class=\"excel741\">1320<\/td>\n<td class=\"excel740\"><\/td>\n<td class=\"excel741\">AVX13x2000<\/td>\n<td class=\"excel741\">1970<\/td>\n<\/tr>\n<tr>\n<td class=\"excel738\">AVX13x1015<\/td>\n<td class=\"excel738\">985<\/td>\n<td class=\"excel740\"><\/td>\n<td class=\"excel738\">AVX13x1375<\/td>\n<td class=\"excel738\">1345<\/td>\n<td class=\"excel740\"><\/td>\n<td class=\"excel738\">AVX13x2025<\/td>\n<td class=\"excel738\">1995<\/td>\n<\/tr>\n<tr>\n<td class=\"excel741\">AVX13x1025<\/td>\n<td class=\"excel741\">995<\/td>\n<td class=\"excel740\"><\/td>\n<td class=\"excel741\">AVX13x1400<\/td>\n<td class=\"excel741\">1370<\/td>\n<td class=\"excel740\"><\/td>\n<td class=\"excel737\"><\/td>\n<td class=\"excel737\"><\/td>\n<\/tr>\n<tr>\n<td class=\"excel738\">AVX13x1030<\/td>\n<td class=\"excel738\">1000<\/td>\n<td class=\"excel740\"><\/td>\n<td class=\"excel738\">AVX13x1425<\/td>\n<td class=\"excel738\">1395<\/td>\n<\/tr>\n<\/tbody>\n<\/table>","protected":false},"excerpt":{"rendered":"<p>\u2013 Vida \u00fatil larga y sin problemas<br \/>\n\u2013 Reducci\u00f3n considerable del nivel de ruido<br \/>\n\u2013 Funcionamiento suave y eficiencia constante<br \/>\n\u2013 P\u00e9rdidas m\u00ednimas por tensi\u00f3n de correa<br \/>\n\u2013 Respetuoso con el medio ambiente<\/p>","protected":false},"featured_media":2493,"comment_status":"closed","ping_status":"closed","template":"","meta":{"_acf_changed":false,"_joinchat":[]},"product_brand":[],"product_cat":[98],"product_tag":[142,101],"class_list":{"0":"post-1074","1":"product","2":"type-product","3":"status-publish","4":"has-post-thumbnail","6":"product_cat-automotive-equipment-belts","7":"product_tag-automotive-equipment-belts","8":"product_tag-avx-belts","10":"first","11":"instock","12":"shipping-taxable","13":"product-type-simple"},"acf":[],"_links":{"self":[{"href":"https:\/\/www.hitbelt.com\/es\/wp-json\/wp\/v2\/product\/1074","targetHints":{"allow":["GET"]}}],"collection":[{"href":"https:\/\/www.hitbelt.com\/es\/wp-json\/wp\/v2\/product"}],"about":[{"href":"https:\/\/www.hitbelt.com\/es\/wp-json\/wp\/v2\/types\/product"}],"replies":[{"embeddable":true,"href":"https:\/\/www.hitbelt.com\/es\/wp-json\/wp\/v2\/comments?post=1074"}],"wp:featuredmedia":[{"embeddable":true,"href":"https:\/\/www.hitbelt.com\/es\/wp-json\/wp\/v2\/media\/2493"}],"wp:attachment":[{"href":"https:\/\/www.hitbelt.com\/es\/wp-json\/wp\/v2\/media?parent=1074"}],"wp:term":[{"taxonomy":"product_brand","embeddable":true,"href":"https:\/\/www.hitbelt.com\/es\/wp-json\/wp\/v2\/product_brand?post=1074"},{"taxonomy":"product_cat","embeddable":true,"href":"https:\/\/www.hitbelt.com\/es\/wp-json\/wp\/v2\/product_cat?post=1074"},{"taxonomy":"product_tag","embeddable":true,"href":"https:\/\/www.hitbelt.com\/es\/wp-json\/wp\/v2\/product_tag?post=1074"}],"curies":[{"name":"wp","href":"https:\/\/api.w.org\/{rel}","templated":true}]}}