{"id":1060,"date":"2023-07-14T02:58:17","date_gmt":"2023-07-14T02:58:17","guid":{"rendered":"https:\/\/www.hitbelt.com\/?post_type=product&#038;p=1060"},"modified":"2023-12-06T06:00:08","modified_gmt":"2023-12-06T06:00:08","slug":"synchronous-belts","status":"publish","type":"product","link":"https:\/\/www.hitbelt.com\/es\/producto\/synchronous-belts","title":{"rendered":"Cinturones sincr\u00f3nicos"},"content":{"rendered":"<p><img loading=\"lazy\" decoding=\"async\" class=\"alignnone size-full wp-image-1063\" src=\"https:\/\/www.hitbelt.com\/wp-content\/uploads\/2023\/07\/automotive-timing-belt.gif\" alt=\"\" width=\"215\" height=\"106\" \/><\/p>\n<h4>Gama de producci\u00f3n<\/h4>\n<table class=\"ke-zeroborder\" border=\"0\" width=\"640\" cellspacing=\"0\" cellpadding=\"0\">\n<tbody>\n<tr>\n<td height=\"17\">Tipo<\/td>\n<td>Paso<\/td>\n<td>Altura<\/td>\n<td>Espesor<\/td>\n<td><\/td>\n<\/tr>\n<tr>\n<td height=\"17\">ZA<\/td>\n<td align=\"right\">9.525<\/td>\n<td align=\"right\">1.91<\/td>\n<td align=\"right\">4.1<\/td>\n<td width=\"43\"><\/td>\n<\/tr>\n<tr>\n<td height=\"17\">ZB<\/td>\n<td align=\"right\">9.525<\/td>\n<td align=\"right\">2.3<\/td>\n<td align=\"right\">4.5<\/td>\n<td width=\"43\"><\/td>\n<\/tr>\n<tr>\n<td height=\"17\">ZBS<\/td>\n<td align=\"right\">9.525<\/td>\n<td align=\"right\">2.8<\/td>\n<td align=\"right\">5.1<\/td>\n<td width=\"43\"><\/td>\n<\/tr>\n<tr>\n<td height=\"17\">RU<\/td>\n<td align=\"right\">9.525<\/td>\n<td align=\"right\">3.44<\/td>\n<td align=\"right\">5.7<\/td>\n<td width=\"43\"><\/td>\n<\/tr>\n<tr>\n<td height=\"17\">SE\u00d1OR<\/td>\n<td align=\"right\">9.525<\/td>\n<td align=\"right\">3.54<\/td>\n<td align=\"right\">5.69<\/td>\n<td width=\"43\"><\/td>\n<\/tr>\n<tr>\n<td height=\"17\">RS<\/td>\n<td align=\"right\">9.525<\/td>\n<td align=\"right\">3.6<\/td>\n<td align=\"right\">5.8<\/td>\n<td width=\"43\"><\/td>\n<\/tr>\n<tr>\n<td height=\"17\">YU<\/td>\n<td align=\"right\">8<\/td>\n<td align=\"right\">3<\/td>\n<td align=\"right\">5.2<\/td>\n<td width=\"43\"><\/td>\n<\/tr>\n<tr>\n<td height=\"17\">MI<\/td>\n<td align=\"right\">8<\/td>\n<td align=\"right\">3.06<\/td>\n<td align=\"right\">5.2<\/td>\n<td width=\"43\"><\/td>\n<\/tr>\n<tr>\n<td height=\"17\">S8M<\/td>\n<td align=\"right\">8<\/td>\n<td align=\"right\">3.05<\/td>\n<td align=\"right\">5.3<\/td>\n<td width=\"43\"><\/td>\n<\/tr>\n<\/tbody>\n<\/table>","protected":false},"excerpt":{"rendered":"<p>\u2013 Para accionar sistemas s\u00edncronos, incluidos \u00e1rboles de levas, bombas de inyecci\u00f3n de combustible, etc. en motores de autom\u00f3viles.<br \/>\n\u2013 La construcci\u00f3n especialmente dise\u00f1ada proporciona una alta capacidad de carga y una vida \u00fatil de m\u00e1s de 100.000 km.<br \/>\n\u2013 Diente formado en perfil de molde preciso con c\u00e1lculo profesional.<\/p>","protected":false},"featured_media":1061,"comment_status":"closed","ping_status":"closed","template":"","meta":{"_acf_changed":false,"_joinchat":[]},"product_brand":[],"product_cat":[98],"product_tag":[142,99],"class_list":{"0":"post-1060","1":"product","2":"type-product","3":"status-publish","4":"has-post-thumbnail","6":"product_cat-automotive-equipment-belts","7":"product_tag-automotive-equipment-belts","8":"product_tag-synchronous-belts","10":"first","11":"instock","12":"shipping-taxable","13":"product-type-simple"},"acf":[],"_links":{"self":[{"href":"https:\/\/www.hitbelt.com\/es\/wp-json\/wp\/v2\/product\/1060","targetHints":{"allow":["GET"]}}],"collection":[{"href":"https:\/\/www.hitbelt.com\/es\/wp-json\/wp\/v2\/product"}],"about":[{"href":"https:\/\/www.hitbelt.com\/es\/wp-json\/wp\/v2\/types\/product"}],"replies":[{"embeddable":true,"href":"https:\/\/www.hitbelt.com\/es\/wp-json\/wp\/v2\/comments?post=1060"}],"wp:featuredmedia":[{"embeddable":true,"href":"https:\/\/www.hitbelt.com\/es\/wp-json\/wp\/v2\/media\/1061"}],"wp:attachment":[{"href":"https:\/\/www.hitbelt.com\/es\/wp-json\/wp\/v2\/media?parent=1060"}],"wp:term":[{"taxonomy":"product_brand","embeddable":true,"href":"https:\/\/www.hitbelt.com\/es\/wp-json\/wp\/v2\/product_brand?post=1060"},{"taxonomy":"product_cat","embeddable":true,"href":"https:\/\/www.hitbelt.com\/es\/wp-json\/wp\/v2\/product_cat?post=1060"},{"taxonomy":"product_tag","embeddable":true,"href":"https:\/\/www.hitbelt.com\/es\/wp-json\/wp\/v2\/product_tag?post=1060"}],"curies":[{"name":"wp","href":"https:\/\/api.w.org\/{rel}","templated":true}]}}