{"id":1045,"date":"2023-07-14T02:45:31","date_gmt":"2023-07-14T02:45:31","guid":{"rendered":"https:\/\/www.hitbelt.com\/?post_type=product&#038;p=1045"},"modified":"2023-12-06T05:46:29","modified_gmt":"2023-12-06T05:46:29","slug":"haahbbhcc","status":"publish","type":"product","link":"https:\/\/www.hitbelt.com\/es\/producto\/haahbbhcc","title":{"rendered":"Cinturones Agr\u00edcolas"},"content":{"rendered":"<p>Al emplear refuerzo de alta intensidad, ligero alargamiento y antidesgaste como base fuerte, la correa plana de caucho de alta velocidad se caracteriza por una fuerte potencia de transmisi\u00f3n y antidesgaste. Empleando caucho de cloropreno importado, con anticalor, antiaceite, antidesgaste y larga vida \u00fatil. Por lo tanto, la transmisi\u00f3n de alta velocidad por correa plana se convierte en la m\u00e1s satisfactoria. Esta correa est\u00e1 dise\u00f1ada para mantener el contacto con las paredes laterales y, al mismo tiempo, permanecer flexible para transmisiones que requieren transmisi\u00f3n de potencia desde ambos lados de la correa.<\/p>\n<p><b>Caracter\u00edsticas\/Ventajas<\/b><br \/>\n\u2013 Dise\u00f1o flexible y de baja elasticidad.<br \/>\n\u2013 Excelentes caracter\u00edsticas de marcha.<br \/>\n\u2013 Excelente flexibilidad.<br \/>\n\u2013 Caracter\u00edsticas de baja elasticidad.<br \/>\n\u2013 Alta capacidad de transmisi\u00f3n de potencia.<\/p>\n<p><img loading=\"lazy\" decoding=\"async\" class=\"alignnone size-full wp-image-1047\" src=\"https:\/\/www.hitbelt.com\/wp-content\/uploads\/2023\/07\/rubber-hexagon-belts-1.gif\" alt=\"\" width=\"207\" height=\"136\" \/><\/p>\n<p><b>Mercados\/Aplicaciones<\/b><br \/>\nAdecuado para todas las aplicaciones industriales serpentinas que requieren inversi\u00f3n de rotaci\u00f3n en algunos ejes impulsados.<\/p>\n<h4>Gama de producci\u00f3n<\/h4>\n<table class=\"ke-zeroborder c5\" border=\"0\" width=\"640\" cellspacing=\"0\" cellpadding=\"0\">\n<tbody>\n<tr>\n<td class=\"c1\" width=\"72\" height=\"15\">Perfil<\/td>\n<td class=\"c1\" width=\"72\">Ancho<\/td>\n<td class=\"c1\" width=\"72\">Espesor<\/td>\n<td class=\"c1\" width=\"72\">Cu\u00f1a<\/td>\n<td class=\"c1\">Peso<\/td>\n<td class=\"c1\">Gama de producci\u00f3n HIT<\/td>\n<\/tr>\n<tr>\n<td class=\"c2\" height=\"15\">Autom\u00f3vil club brit\u00e1nico<\/td>\n<td class=\"c3\">13<\/td>\n<td class=\"c3\">10<\/td>\n<td class=\"c3\">40\u00b0<\/td>\n<td class=\"c3\" width=\"94\">0,150 kg\/m<\/td>\n<td class=\"c3\" width=\"154\">1350 mm ~ 28000 mm<\/td>\n<\/tr>\n<tr>\n<td class=\"c1\" height=\"15\">CAMA Y DESAYUNO<\/td>\n<td class=\"c4\">17<\/td>\n<td class=\"c4\">13<\/td>\n<td class=\"c4\">40\u00b0<\/td>\n<td class=\"c4\" width=\"94\">0,250 kg\/m<\/td>\n<td class=\"c4\" width=\"154\">1350 mm ~ 28000 mm<\/td>\n<\/tr>\n<tr>\n<td class=\"c2\" height=\"15\">CC<\/td>\n<td class=\"c3\">22<\/td>\n<td class=\"c3\">17<\/td>\n<td class=\"c3\">40\u00b0<\/td>\n<td class=\"c3\" width=\"94\">0,440 kg\/m<\/td>\n<td class=\"c3\" width=\"154\">1600 mm ~ 28000 mm<\/td>\n<\/tr>\n<tr>\n<td class=\"c1\" height=\"15\">DD<\/td>\n<td class=\"c4\">32<\/td>\n<td class=\"c4\">25<\/td>\n<td class=\"c4\">40\u00b0<\/td>\n<td class=\"c4\" width=\"94\">0,935 kg\/m<\/td>\n<td class=\"c4\" width=\"154\">3000 mm ~ 28000 mm<\/td>\n<\/tr>\n<\/tbody>\n<\/table>","protected":false},"excerpt":{"rendered":"<p>\u2013 Envolvente (superficie protectora): Un tejido especial impregnado de caucho que ofrece resistencia a la abrasi\u00f3n. Tambi\u00e9n es responsable de la protecci\u00f3n total de todos los componentes de la correa.<br \/>\n\u2013 Elemento tensor (cordones de tracci\u00f3n): Constituido por cordones de fibra sint\u00e9tica (poli\u00e9ster) que garantizan una transmisi\u00f3n total de la potencia con un \u00edndice de elongaci\u00f3n muy bajo y una alta resistencia a la fatiga.<br \/>\n\u2013 Elemento de compresi\u00f3n: Un compuesto preparado para resistir la fatiga de la compresi\u00f3n y disipar el calor generado por el sistema; dando as\u00ed al cintur\u00f3n una vida \u00fatil m\u00e1s larga.<br \/>\n\u2013 Elemento aislante: Compuesto especial preparado para mantener el elemento tensor conectado al cuerpo de la correa, evitando as\u00ed la fricci\u00f3n entre los componentes.<br \/>\n\u2013 Goma tensora: Material compuesto por goma especial que se encarga de reducir los posibles efectos del impacto en la correa. Tambi\u00e9n ofrece una mejor flexibilidad al sistema y un mejor ajuste de las correas a la polea.<\/p>","protected":false},"featured_media":1046,"comment_status":"closed","ping_status":"closed","template":"","meta":{"_acf_changed":false,"_joinchat":[]},"product_brand":[],"product_cat":[84],"product_tag":[85,143],"class_list":{"0":"post-1045","1":"product","2":"type-product","3":"status-publish","4":"has-post-thumbnail","6":"product_cat-agricultural-equipment-belts","7":"product_tag-agricuture-belts","8":"product_tag-lawn-garden-equipment-belts","10":"first","11":"instock","12":"shipping-taxable","13":"product-type-simple"},"acf":[],"_links":{"self":[{"href":"https:\/\/www.hitbelt.com\/es\/wp-json\/wp\/v2\/product\/1045","targetHints":{"allow":["GET"]}}],"collection":[{"href":"https:\/\/www.hitbelt.com\/es\/wp-json\/wp\/v2\/product"}],"about":[{"href":"https:\/\/www.hitbelt.com\/es\/wp-json\/wp\/v2\/types\/product"}],"replies":[{"embeddable":true,"href":"https:\/\/www.hitbelt.com\/es\/wp-json\/wp\/v2\/comments?post=1045"}],"wp:featuredmedia":[{"embeddable":true,"href":"https:\/\/www.hitbelt.com\/es\/wp-json\/wp\/v2\/media\/1046"}],"wp:attachment":[{"href":"https:\/\/www.hitbelt.com\/es\/wp-json\/wp\/v2\/media?parent=1045"}],"wp:term":[{"taxonomy":"product_brand","embeddable":true,"href":"https:\/\/www.hitbelt.com\/es\/wp-json\/wp\/v2\/product_brand?post=1045"},{"taxonomy":"product_cat","embeddable":true,"href":"https:\/\/www.hitbelt.com\/es\/wp-json\/wp\/v2\/product_cat?post=1045"},{"taxonomy":"product_tag","embeddable":true,"href":"https:\/\/www.hitbelt.com\/es\/wp-json\/wp\/v2\/product_tag?post=1045"}],"curies":[{"name":"wp","href":"https:\/\/api.w.org\/{rel}","templated":true}]}}