{"id":1024,"date":"2023-07-14T01:36:46","date_gmt":"2023-07-14T01:36:46","guid":{"rendered":"https:\/\/www.hitbelt.com\/?post_type=product&#038;p=1024"},"modified":"2023-12-06T03:47:40","modified_gmt":"2023-12-06T03:47:40","slug":"mower-belts","status":"publish","type":"product","link":"https:\/\/www.hitbelt.com\/es\/producto\/mower-belts","title":{"rendered":"Correas de cortac\u00e9sped"},"content":{"rendered":"<p>Para cumplir con los requisitos internacionales de protecci\u00f3n del medio ambiente, las correas trapezoidales con cables de aramida HIT con superficie de envoltura seca se caracterizan por:<\/p>\n<p>El cord\u00f3n de aramida impregnado con un compuesto especial elimina la necesidad de retensarlo y al mismo tiempo ofrece:<br \/>\n\u2013 Alta resistencia a la tracci\u00f3n<br \/>\n\u2013 No extensibilidad<br \/>\n\u2013 Alta resistencia a cargas de impacto<\/p>\n<p>El envoltorio en seco de un tejido especial garantiza:<br \/>\n\u2013 Alta resistencia al desgaste y deslizamiento reducido durante el embrague<\/p>\n<p>Las caracter\u00edsticas de la correa aseguran:<br \/>\n\u2013 Alta resistencia a la flexi\u00f3n inversa repetida<br \/>\n\u2013 Alta resistencia al aceite, al calor y al agrietamiento.<\/p>\n<p>Amplia gama probada y aprobada por muchos OEM.<br \/>\nDisponible en\u00a0<b>Azul<\/b>,\u00a0<b>Marr\u00f3n<\/b>,\u00a0<b>Blanco<\/b>,\u00a0<b>Gris<\/b>, y\u00a0<b>Negro<\/b>\u00a0tela.<br \/>\nDisponible en todas las secciones est\u00e1ndar.<\/p>\n<p>Como sugiere el nombre, las aplicaciones que utilizan estos cinturones son muy espec\u00edficas.<\/p>\n<p>Las correas trapezoidales con cables de aramida HIT tambi\u00e9n son adecuadas para aplicaciones industriales donde la carga de impacto o el alargamiento cero son factores cr\u00edticos. Las aplicaciones t\u00edpicas incluyen maquinaria para c\u00e9sped y jard\u00edn donde el requisito de embrague es muy alto.<\/p>\n<p><img loading=\"lazy\" decoding=\"async\" class=\"alignnone size-medium wp-image-1026\" src=\"https:\/\/www.hitbelt.com\/wp-content\/uploads\/2023\/07\/lawn-mower-500x199.jpg\" alt=\"\" width=\"500\" height=\"199\" srcset=\"https:\/\/www.hitbelt.com\/wp-content\/uploads\/2023\/07\/lawn-mower-500x199.jpg 500w, https:\/\/www.hitbelt.com\/wp-content\/uploads\/2023\/07\/lawn-mower-18x7.jpg 18w, https:\/\/www.hitbelt.com\/wp-content\/uploads\/2023\/07\/lawn-mower-150x60.jpg 150w, https:\/\/www.hitbelt.com\/wp-content\/uploads\/2023\/07\/lawn-mower-480x191.jpg 480w, https:\/\/www.hitbelt.com\/wp-content\/uploads\/2023\/07\/lawn-mower.jpg 576w\" sizes=\"auto, (max-width:767px) 480px, 500px\" \/><\/p>\n<p><b><img loading=\"lazy\" decoding=\"async\" src=\"http:\/\/www.hitbelt.com\/uploadfile\/images\/redArrow.gif\" width=\"5\" height=\"9\" border=\"0\" \/>\u00a0Comparaci\u00f3n de tama\u00f1o de marca popular\/n\u00famero de producto<\/b><\/p>\n<table class=\"ke-zeroborder\" border=\"0\" width=\"640\" cellspacing=\"0\" cellpadding=\"0\">\n<colgroup>\n<col span=\"6\" width=\"84\" \/>\n<col width=\"57\" \/><\/colgroup>\n<tbody>\n<tr>\n<td width=\"84\" height=\"17\">GOLPEAR<\/td>\n<td width=\"84\">jason<\/td>\n<td width=\"84\">Carlisle PT<\/td>\n<td width=\"84\">Puertas<\/td>\n<td width=\"84\">Buen a\u00f1o<\/td>\n<td width=\"84\">diaco<\/td>\n<td>Termoide<\/td>\n<\/tr>\n<tr>\n<td height=\"17\">HITPOWER\u2122 EXTRA<\/td>\n<td>MXV<\/td>\n<td>XDV<\/td>\n<td>Desarrollado<\/td>\n<td>Insta-poder<\/td>\n<td>GPL<\/td>\n<td width=\"79\">Poder m\u00e1s<\/td>\n<\/tr>\n<tr>\n<td height=\"17\">3L-360<\/td>\n<td>MXV3-360<\/td>\n<td>38X360<\/td>\n<td>6736<\/td>\n<td>83360<\/td>\n<td>L336<\/td>\n<td width=\"79\">3H360<\/td>\n<\/tr>\n<tr>\n<td height=\"17\">4L-380<\/td>\n<td>MXV4-380<\/td>\n<td>48X380<\/td>\n<td>6838<\/td>\n<td>84380<\/td>\n<td>L438<\/td>\n<td width=\"79\">4H380<\/td>\n<\/tr>\n<tr>\n<td height=\"17\">5L-420<\/td>\n<td>MXV5-420<\/td>\n<td>58X420<\/td>\n<td>6942<\/td>\n<td>85420<\/td>\n<td>L542<\/td>\n<td width=\"79\">5H420<\/td>\n<\/tr>\n<\/tbody>\n<\/table>\n<p>&nbsp;<\/p>\n<p><b><img loading=\"lazy\" decoding=\"async\" src=\"http:\/\/www.hitbelt.com\/uploadfile\/images\/redArrow.gif\" width=\"5\" height=\"9\" border=\"0\" \/>\u00a0Para cinturones de repuesto para c\u00e9sped y jard\u00edn.<\/b><\/p>\n<p><u><a href=\"http:\/\/www.hitbelt.com\/index.php?m=content&amp;c=index&amp;a=show&amp;catid=491&amp;id=132\">Ariens<\/a><br \/>\n<a href=\"http:\/\/www.hitbelt.com\/index.php?m=content&amp;c=index&amp;a=show&amp;catid=491&amp;id=131\">Bolens<\/a><br \/>\n<a href=\"http:\/\/www.hitbelt.com\/index.php?m=content&amp;c=index&amp;a=show&amp;catid=491&amp;id=130\">Cadete cachorro<\/a><br \/>\n<a href=\"http:\/\/www.hitbelt.com\/index.php?m=content&amp;c=index&amp;a=show&amp;catid=491&amp;id=129\">dixon<\/a><br \/>\n<a href=\"http:\/\/www.hitbelt.com\/index.php?m=content&amp;c=index&amp;a=show&amp;catid=491&amp;id=128\">honda<\/a><br \/>\n<a href=\"http:\/\/www.hitbelt.com\/index.php?m=content&amp;c=index&amp;a=show&amp;catid=491&amp;id=127\">jacobson<\/a><br \/>\n<a href=\"http:\/\/www.hitbelt.com\/index.php?m=content&amp;c=index&amp;a=show&amp;catid=491&amp;id=126\">John Deere<\/a><br \/>\n<a href=\"http:\/\/www.hitbelt.com\/index.php?m=content&amp;c=index&amp;a=show&amp;catid=491&amp;id=125\">Kubota<\/a><br \/>\n<a href=\"http:\/\/www.hitbelt.com\/index.php?m=content&amp;c=index&amp;a=show&amp;catid=491&amp;id=124\">chico del c\u00e9sped<\/a><br \/>\n<a href=\"http:\/\/www.hitbelt.com\/index.php?m=content&amp;c=index&amp;a=show&amp;catid=491&amp;id=122\">Murray<\/a><br \/>\n<a href=\"http:\/\/www.hitbelt.com\/index.php?m=content&amp;c=index&amp;a=show&amp;catid=491&amp;id=121\">Sears<\/a><br \/>\n<a href=\"http:\/\/www.hitbelt.com\/index.php?m=content&amp;c=index&amp;a=show&amp;catid=491&amp;id=120\">Sencillez<\/a><br \/>\n<a href=\"http:\/\/www.hitbelt.com\/index.php?m=content&amp;c=index&amp;a=show&amp;catid=491&amp;id=119\">pargo<\/a><br \/>\n<a href=\"http:\/\/www.hitbelt.com\/index.php?m=content&amp;c=index&amp;a=show&amp;catid=491&amp;id=118\">Bosque<\/a><\/u><\/p>\n<a  class=\"button  button_size_2\"  href=\"https:\/\/www.hitbelt.com\/es\/bicycles\/dry-v-belts-with-aramid-cords\/\" target=\"_blank\"   ><span class=\"button_label\">Consultar tallas acaliabe<\/span><\/a>\n\n<div id=\"gtx-trans\" style=\"position: absolute; left: 93px; top: 1423px;\">\n<div class=\"gtx-trans-icon\"><\/div>\n<\/div>","protected":false},"excerpt":{"rendered":"<p>\u2013 Alta resistencia a la tracci\u00f3n<br \/>\n\u2013 No extensibilidad<br \/>\n\u2013 Alta resistencia a cargas de impacto<\/p>","protected":false},"featured_media":1025,"comment_status":"closed","ping_status":"closed","template":"","meta":{"_acf_changed":false,"_joinchat":[]},"product_brand":[],"product_cat":[136],"product_tag":[143,86],"class_list":{"0":"post-1024","1":"product","2":"type-product","3":"status-publish","4":"has-post-thumbnail","6":"product_cat-lawn-garden-equipment-belts","7":"product_tag-lawn-garden-equipment-belts","8":"product_tag-mower-belts","10":"first","11":"instock","12":"shipping-taxable","13":"product-type-simple"},"acf":[],"_links":{"self":[{"href":"https:\/\/www.hitbelt.com\/es\/wp-json\/wp\/v2\/product\/1024","targetHints":{"allow":["GET"]}}],"collection":[{"href":"https:\/\/www.hitbelt.com\/es\/wp-json\/wp\/v2\/product"}],"about":[{"href":"https:\/\/www.hitbelt.com\/es\/wp-json\/wp\/v2\/types\/product"}],"replies":[{"embeddable":true,"href":"https:\/\/www.hitbelt.com\/es\/wp-json\/wp\/v2\/comments?post=1024"}],"wp:featuredmedia":[{"embeddable":true,"href":"https:\/\/www.hitbelt.com\/es\/wp-json\/wp\/v2\/media\/1025"}],"wp:attachment":[{"href":"https:\/\/www.hitbelt.com\/es\/wp-json\/wp\/v2\/media?parent=1024"}],"wp:term":[{"taxonomy":"product_brand","embeddable":true,"href":"https:\/\/www.hitbelt.com\/es\/wp-json\/wp\/v2\/product_brand?post=1024"},{"taxonomy":"product_cat","embeddable":true,"href":"https:\/\/www.hitbelt.com\/es\/wp-json\/wp\/v2\/product_cat?post=1024"},{"taxonomy":"product_tag","embeddable":true,"href":"https:\/\/www.hitbelt.com\/es\/wp-json\/wp\/v2\/product_tag?post=1024"}],"curies":[{"name":"wp","href":"https:\/\/api.w.org\/{rel}","templated":true}]}}