{"id":1798,"date":"2023-07-17T09:50:29","date_gmt":"2023-07-17T09:50:29","guid":{"rendered":"https:\/\/www.hitbelt.com\/?page_id=1798"},"modified":"2023-07-25T06:01:46","modified_gmt":"2023-07-25T06:01:46","slug":"asp1vlm","status":"publish","type":"page","link":"https:\/\/www.hitbelt.com\/es\/bicycles\/asp1vlm","title":{"rendered":"ASP1VLM"},"content":{"rendered":"<p>Las poleas est\u00e1n mecanizadas en todas sus partes. Ambas est\u00e1n equipadas con chaveteros est\u00e1ndar y tornillos prisioneros de cabeza hueca.<\/p>\n\n\n\n<figure class=\"wp-block-image size-full\"><img loading=\"lazy\" decoding=\"async\" width=\"584\" height=\"350\" src=\"https:\/\/www.hitbelt.com\/wp-content\/uploads\/2023\/07\/20150521112235727.jpg\" alt=\"\" class=\"wp-image-1799\" srcset=\"https:\/\/www.hitbelt.com\/wp-content\/uploads\/2023\/07\/20150521112235727.jpg 584w, https:\/\/www.hitbelt.com\/wp-content\/uploads\/2023\/07\/20150521112235727-500x300.jpg 500w, https:\/\/www.hitbelt.com\/wp-content\/uploads\/2023\/07\/20150521112235727-18x12.jpg 18w, https:\/\/www.hitbelt.com\/wp-content\/uploads\/2023\/07\/20150521112235727-125x75.jpg 125w, https:\/\/www.hitbelt.com\/wp-content\/uploads\/2023\/07\/20150521112235727-480x288.jpg 480w\" sizes=\"auto, (max-width:767px) 480px, 584px\" \/><\/figure>\n\n\n\n<figure class=\"wp-block-table\"><table><tbody><tr><td rowspan=\"2\">N\u00famero de pieza<\/td><td rowspan=\"2\">sobredosis<\/td><td colspan=\"2\">F<\/td><td colspan=\"2\">GRAMO<\/td><td rowspan=\"2\">L<\/td><td rowspan=\"2\">K<\/td><td rowspan=\"2\">Peso en libras<\/td><\/tr><tr><td>M\u00e1x.<\/td><td>M\u00edn.<\/td><td>M\u00e1x.<\/td><td>M\u00edn.<\/td><\/tr><tr><td>1VL25<\/td><td>2.5<\/td><td>25\/32<\/td><td>17\/32<\/td><td>5\/8<\/td><td>3\/8<\/td><td>1 1\/2<\/td><td>37\/64<\/td><td>0.80<\/td><\/tr><tr><td>1VL30<\/td><td>2.87<\/td><td>25\/32<\/td><td>17\/32<\/td><td>5\/8<\/td><td>3\/8<\/td><td>1 1\/2<\/td><td>37\/64<\/td><td>1.00<\/td><\/tr><tr><td>1VL34<\/td><td>3.15<\/td><td>1<\/td><td>5\/8<\/td><td>7\/8<\/td><td>1\/2<\/td><td>1 11\/16<\/td><td>37\/64<\/td><td>1.10<\/td><\/tr><tr><td>1VL40<\/td><td>3.75<\/td><td>1<\/td><td>5\/8<\/td><td>7\/8<\/td><td>1\/2<\/td><td>1 11\/16<\/td><td>37\/64<\/td><td>1.30<\/td><\/tr><tr><td>1VL44<\/td><td>4.15<\/td><td>1<\/td><td>5\/8<\/td><td>7\/8<\/td><td>1\/2<\/td><td>1 11\/16<\/td><td>37\/64<\/td><td>1.30<\/td><\/tr><tr><td>1VM50<\/td><td>4.75<\/td><td>1 1\/16<\/td><td>11\/16<\/td><td>7\/8<\/td><td>1\/2<\/td><td>1 7\/8<\/td><td>21\/32<\/td><td>2.80<\/td><\/tr><\/tbody><\/table><\/figure>\n\n\n\n<p><br>Poleas de m\u00e9dula variable \u201cVL\u201d y \u201cVM\u201d en stock<\/p>\n\n\n\n<figure class=\"wp-block-table\"><table><tbody><tr><td rowspan=\"2\">N\u00famero de pieza<\/td><td colspan=\"4\">CINTURONES \u201c3L\u201d<\/td><td colspan=\"4\">Agujeros de cig\u00fce\u00f1a marcados con una \u201cx\u201d<\/td><\/tr><tr><td>Paso m\u00ednimo<\/td><td>Se abre<\/td><td>Paso m\u00e1x.<\/td><td>Se abre<\/td><td>&nbsp;1\/2<\/td><td>&nbsp;5\/8<\/td><td>&nbsp;3\/4<\/td><td>&nbsp;7\/8<\/td><\/tr><tr><td>1VL25<\/td><td>1.6<\/td><td>4<\/td><td>2.4<\/td><td>0<\/td><td>X<\/td><td>X<\/td><td>&#8211;<\/td><td>&#8211;<\/td><\/tr><tr><td>1VL30<\/td><td>1.8<\/td><td>4<\/td><td>2.7<\/td><td>0<\/td><td>X<\/td><td>X<\/td><td>&#8211;<\/td><td>&#8211;<\/td><\/tr><tr><td>1VL34<\/td><td>1.7<\/td><td>4<\/td><td>2.5<\/td><td>0<\/td><td>X<\/td><td>X<\/td><td>X<\/td><td>&#8211;<\/td><\/tr><tr><td>1VL40<\/td><td>2.3<\/td><td>4<\/td><td>3.1<\/td><td>0<\/td><td>X<\/td><td>X<\/td><td>X<\/td><td>X<\/td><\/tr><tr><td>1VL44<\/td><td>2.7<\/td><td>4<\/td><td>3.5<\/td><td>0<\/td><td>X<\/td><td>X<\/td><td>X<\/td><td>X<\/td><\/tr><tr><td>1VM50<\/td><td>3.3<\/td><td>4<\/td><td>4.1<\/td><td>0<\/td><td>X<\/td><td>X<\/td><td>X<\/td><td>X<\/td><\/tr><\/tbody><\/table><\/figure>\n\n\n\n<p>\u3000<\/p>\n\n\n\n<figure class=\"wp-block-table\"><table><tbody><tr><td rowspan=\"2\">N\u00famero de pieza<\/td><td colspan=\"4\">CINTURONES \u201c4L\u201d o \u201cA\u201d<\/td><td colspan=\"4\">Agujeros de cig\u00fce\u00f1a marcados con una \u201cx\u201d<\/td><\/tr><tr><td>Min. Dato<\/td><td>Se abre<\/td><td>Dato m\u00e1ximo<\/td><td>Se abre<\/td><td>&nbsp;1\/2<\/td><td>&nbsp;5\/8<\/td><td>&nbsp;3\/4<\/td><td>&nbsp;7\/8<\/td><\/tr><tr><td>1VL25<\/td><td>&#8211;<\/td><td>&#8211;<\/td><td>&#8211;<\/td><td>&#8211;<\/td><td>X<\/td><td>X<\/td><td>&#8211;<\/td><td>&#8211;<\/td><\/tr><tr><td>1VL30<\/td><td>&#8211;<\/td><td>&#8211;<\/td><td>&#8211;<\/td><td>&#8211;<\/td><td>X<\/td><td>X<\/td><td>&#8211;<\/td><td>&#8211;<\/td><\/tr><tr><td>1VL34<\/td><td>1.9<\/td><td>5<\/td><td>2.9<\/td><td>0<\/td><td>X<\/td><td>X<\/td><td>X<\/td><td>&#8211;<\/td><\/tr><tr><td>1VL40<\/td><td>2.4<\/td><td>5<\/td><td>3.4<\/td><td>0<\/td><td>X<\/td><td>X<\/td><td>X<\/td><td>X<\/td><\/tr><tr><td>1VL44<\/td><td>2.8<\/td><td>5<\/td><td>3.8<\/td><td>0<\/td><td>X<\/td><td>X<\/td><td>X<\/td><td>X<\/td><\/tr><tr><td>1VM50<\/td><td>3.4<\/td><td>5<\/td><td>4.4<\/td><td>0<\/td><td>X<\/td><td>X<\/td><td>X<\/td><td>X<\/td><\/tr><\/tbody><\/table><\/figure>\n\n\n\n<p>\u3000<\/p>\n\n\n\n<figure class=\"wp-block-table\"><table><tbody><tr><td rowspan=\"2\">N\u00famero de pieza<\/td><td colspan=\"4\">CINTURONES \u201c5L\u201d o \u201cB\u201d<\/td><td colspan=\"4\">Agujeros de cig\u00fce\u00f1a marcados con una \u201cx\u201d<\/td><\/tr><tr><td>Min. Dato<\/td><td>Se abre<\/td><td>Dato m\u00e1ximo<\/td><td>Se abre<\/td><td>&nbsp;1\/2<\/td><td>&nbsp;5\/8<\/td><td>&nbsp;3\/4<\/td><td>&nbsp;7\/8<\/td><\/tr><tr><td>1VL25<\/td><td>&#8211;<\/td><td>&#8211;<\/td><td>&#8211;<\/td><td>&#8211;<\/td><td>X<\/td><td>X<\/td><td>&#8211;<\/td><td>&#8211;<\/td><\/tr><tr><td>1VL30<\/td><td>&#8211;<\/td><td>&#8211;<\/td><td>&#8211;<\/td><td>&#8211;<\/td><td>X<\/td><td>X<\/td><td>&#8211;<\/td><td>&#8211;<\/td><\/tr><tr><td>1VL34<\/td><td>2.4<\/td><td>5<\/td><td>3.2<\/td><td>1<\/td><td>X<\/td><td>X<\/td><td>X<\/td><td>&#8211;<\/td><\/tr><tr><td>1VL40<\/td><td>2.7<\/td><td>6<\/td><td>3.7<\/td><td>1<\/td><td>X<\/td><td>X<\/td><td>X<\/td><td>X<\/td><\/tr><tr><td>1VL44<\/td><td>3.1<\/td><td>6<\/td><td>4.1<\/td><td>1<\/td><td>X<\/td><td>X<\/td><td>X<\/td><td>X<\/td><\/tr><tr><td>1VM50<\/td><td>3.7<\/td><td>6<\/td><td>4.7<\/td><td>1<\/td><td>X<\/td><td>X<\/td><td>X<\/td><td>X<\/td><\/tr><\/tbody><\/table><\/figure>","protected":false},"excerpt":{"rendered":"<p>Sheaves are machined all over. Both are furnished with Standard Keyseats and Hollow Head Setscrews. Part No. O.D F G L K Wt. Lbs Max. Min.<span class=\"excerpt-hellip\"> [\u2026]<\/span><\/p>","protected":false},"author":1,"featured_media":0,"parent":73,"menu_order":0,"comment_status":"closed","ping_status":"closed","template":"","meta":{"_acf_changed":false,"_joinchat":[],"footnotes":""},"class_list":["post-1798","page","type-page","status-publish","hentry"],"acf":[],"_links":{"self":[{"href":"https:\/\/www.hitbelt.com\/es\/wp-json\/wp\/v2\/pages\/1798","targetHints":{"allow":["GET"]}}],"collection":[{"href":"https:\/\/www.hitbelt.com\/es\/wp-json\/wp\/v2\/pages"}],"about":[{"href":"https:\/\/www.hitbelt.com\/es\/wp-json\/wp\/v2\/types\/page"}],"author":[{"embeddable":true,"href":"https:\/\/www.hitbelt.com\/es\/wp-json\/wp\/v2\/users\/1"}],"replies":[{"embeddable":true,"href":"https:\/\/www.hitbelt.com\/es\/wp-json\/wp\/v2\/comments?post=1798"}],"version-history":[{"count":1,"href":"https:\/\/www.hitbelt.com\/es\/wp-json\/wp\/v2\/pages\/1798\/revisions"}],"predecessor-version":[{"id":1800,"href":"https:\/\/www.hitbelt.com\/es\/wp-json\/wp\/v2\/pages\/1798\/revisions\/1800"}],"up":[{"embeddable":true,"href":"https:\/\/www.hitbelt.com\/es\/wp-json\/wp\/v2\/pages\/73"}],"wp:attachment":[{"href":"https:\/\/www.hitbelt.com\/es\/wp-json\/wp\/v2\/media?parent=1798"}],"curies":[{"name":"wp","href":"https:\/\/api.w.org\/{rel}","templated":true}]}}