{"id":1723,"date":"2023-07-17T09:06:09","date_gmt":"2023-07-17T09:06:09","guid":{"rendered":"https:\/\/www.hitbelt.com\/?page_id=1723"},"modified":"2023-07-25T06:22:09","modified_gmt":"2023-07-25T06:22:09","slug":"fb3v","status":"publish","type":"page","link":"https:\/\/www.hitbelt.com\/es\/bicycles\/fb3v","title":{"rendered":"FB3V"},"content":{"rendered":"<p>Las poleas de correa dentada de Powermach con orificio terminado \u201c3V 5V 8V\u201d est\u00e1n mecanizadas a partir de piezas de fundici\u00f3n de hierro gris de grano fino de la mejor calidad. Est\u00e1n mecanizadas y equilibradas con precisi\u00f3n. Se suministran con chaveteros est\u00e1ndar y tornillos de fijaci\u00f3n de cabeza hueca.<\/p>\n\n\n\n<figure class=\"wp-block-image size-full\"><img loading=\"lazy\" decoding=\"async\" width=\"584\" height=\"340\" src=\"https:\/\/www.hitbelt.com\/wp-content\/uploads\/2023\/07\/20150521115356996.jpg\" alt=\"\" class=\"wp-image-1724\" srcset=\"https:\/\/www.hitbelt.com\/wp-content\/uploads\/2023\/07\/20150521115356996.jpg 584w, https:\/\/www.hitbelt.com\/wp-content\/uploads\/2023\/07\/20150521115356996-500x291.jpg 500w, https:\/\/www.hitbelt.com\/wp-content\/uploads\/2023\/07\/20150521115356996-18x10.jpg 18w, https:\/\/www.hitbelt.com\/wp-content\/uploads\/2023\/07\/20150521115356996-129x75.jpg 129w, https:\/\/www.hitbelt.com\/wp-content\/uploads\/2023\/07\/20150521115356996-480x279.jpg 480w\" sizes=\"auto, (max-width:767px) 480px, 584px\" \/><\/figure>\n\n\n\n<p>Poleas de correa de agarre con orificio terminado \u201c3V 5V 8V\u201d<br>Especificaciones: poleas est\u00e1ndar \u201c3V\u201d<\/p>\n\n\n\n<p><\/p>\n\n\n\n<figure class=\"wp-block-table\"><table><tbody><tr><td colspan=\"3\">DI\u00c1METROS<\/td><td rowspan=\"2\">Parte<br>No.<\/td><td rowspan=\"2\">Tipo<\/td><td colspan=\"5\">DIMENSIONES<\/td><td colspan=\"6\">Orificios de serie marcados con una \u201cX\u201d<\/td><td rowspan=\"2\">Peso.<br>Libras.<\/td><\/tr><tr><td>Paso<br>\u201c3V\u201d<\/td><td>Afuera-<br>lado<\/td><td>En-<br>lado<\/td><td>F<\/td><td>H<\/td><td>L<\/td><td>PAG<\/td><td>C<\/td><td>5\/8&#8243;<\/td><td>3\/4&#8243;<\/td><td>7\/8&#8243;<\/td><td>1&#8243;<\/td><td>1<br>1\/8&#8243;<\/td><td>1<br>3\/8&#8243;<\/td><\/tr><tr><td colspan=\"2\">1 ranura<\/td><td>\u3000<\/td><td>\u3000<\/td><td>\u3000<\/td><td>\u3000<\/td><td>\u3000<\/td><td>\u3000<\/td><td>\u3000<\/td><td>\u3000<\/td><td>\u3000<\/td><td>\u3000<\/td><td>\u3000<\/td><td>\u3000<\/td><td>\u3000<\/td><td>\u3000<\/td><td>\u3000<\/td><\/tr><tr><td>2.60&#8243;<\/td><td>2.65&#8243;<\/td><td>\u2014<\/td><td>1 F3V26<\/td><td>F<\/td><td>11\/16&#8243;<\/td><td>1 9\/16&#8243;<\/td><td>15\/16&#8243;<\/td><td>27\/64&#8243;<\/td><td>11\/64&#8243;<\/td><td>\u00d7<\/td><td>\u00d7<\/td><td>\u2014<\/td><td>\u2014<\/td><td>\u2014<\/td><td>\u2014<\/td><td>0.70<\/td><\/tr><tr><td>2.75<\/td><td>2.80<\/td><td>\u2014<\/td><td>1 F3V28<\/td><td>F<\/td><td>11\/16<\/td><td>1 9\/16<\/td><td>15\/16<\/td><td>27\/64<\/td><td>11\/64<\/td><td>\u00d7<\/td><td>\u00d7<\/td><td>\u2014<\/td><td>\u2014<\/td><td>\u2014<\/td><td>\u2014<\/td><td>0.80<\/td><\/tr><tr><td>2.95<\/td><td>3.00<\/td><td>\u2014<\/td><td>1 F3V30<\/td><td>F<\/td><td>11\/16<\/td><td>1 9\/16<\/td><td>15\/16<\/td><td>27\/64<\/td><td>11\/64<\/td><td>\u2014<\/td><td>\u00d7<\/td><td>\u00d7<\/td><td>\u2014<\/td><td>\u2014<\/td><td>\u2014<\/td><td>0.80<\/td><\/tr><tr><td>3.10<\/td><td>3.15<\/td><td>\u2014<\/td><td>1 F3V31<\/td><td>F<\/td><td>11\/16<\/td><td>1 9\/16<\/td><td>15\/16<\/td><td>27\/64<\/td><td>11\/64<\/td><td>\u2014<\/td><td>\u2014<\/td><td>\u00d7<\/td><td>\u2014<\/td><td>\u2014<\/td><td>\u2014<\/td><td>0.80<\/td><\/tr><tr><td>3.30<\/td><td>3.35<\/td><td>\u2014<\/td><td>1 F3V33<\/td><td>F<\/td><td>11\/16<\/td><td>1 9\/16<\/td><td>15\/16<\/td><td>27\/64<\/td><td>11\/64<\/td><td>\u2014<\/td><td>\u2014<\/td><td>\u00d7<\/td><td>\u2014<\/td><td>\u2014<\/td><td>\u2014<\/td><td>1.00<\/td><\/tr><tr><td colspan=\"2\">2 ranuras<\/td><td>\u3000<\/td><td>\u3000<\/td><td>\u3000<\/td><td>\u3000<\/td><td>\u3000<\/td><td>\u3000<\/td><td>\u3000<\/td><td>\u3000<\/td><td>\u3000<\/td><td>\u3000<\/td><td>\u3000<\/td><td>\u3000<\/td><td>\u3000<\/td><td>\u3000<\/td><td>\u3000<\/td><\/tr><tr><td>2.60&#8243;<\/td><td>2.65&#8243;<\/td><td>\u2014<\/td><td>2 F3V26<\/td><td>F<\/td><td>1 3\/32&#8243;<\/td><td>1 7\/8&#8243;<\/td><td>1 3\/8&#8243;<\/td><td>15\/32&#8243;<\/td><td>3\/16&#8243;<\/td><td>\u2014<\/td><td>\u00d7<\/td><td>\u00d7<\/td><td>\u00d7<\/td><td>\u2014<\/td><td>\u2014<\/td><td>1.30<\/td><\/tr><tr><td>2.75<\/td><td>2.80<\/td><td>\u2014<\/td><td>2F3V28<\/td><td>F<\/td><td>1 3\/32<\/td><td>1 7\/8<\/td><td>1 3\/8<\/td><td>15\/32<\/td><td>3\/16<\/td><td>\u2014<\/td><td>\u00d7<\/td><td>\u00d7<\/td><td>\u00d7<\/td><td>\u2014<\/td><td>\u2014<\/td><td>1.40<\/td><\/tr><tr><td>2.95<\/td><td>3.00<\/td><td>\u2014<\/td><td>2 F3V30<\/td><td>F<\/td><td>1 3\/32<\/td><td>1 7\/8<\/td><td>1 3\/8<\/td><td>15\/32<\/td><td>3\/16<\/td><td>\u2014<\/td><td>\u2014<\/td><td>\u00d7<\/td><td>\u00d7<\/td><td>\u2014<\/td><td>\u2014<\/td><td>1.40<\/td><\/tr><tr><td>3.10<\/td><td>3.15<\/td><td>\u2014<\/td><td>2F3V31<\/td><td>F<\/td><td>1 3\/32<\/td><td>1 7\/8<\/td><td>1 3\/8<\/td><td>15\/32<\/td><td>3\/16<\/td><td>\u2014<\/td><td>\u2014<\/td><td>\u00d7<\/td><td>\u00d7<\/td><td>\u00d7<\/td><td>\u2014<\/td><td>1.60<\/td><\/tr><tr><td>3.30<\/td><td>3.35<\/td><td>\u2014<\/td><td>2F3V33<\/td><td>F<\/td><td>1 3\/32<\/td><td>1 7\/8<\/td><td>1 3\/8<\/td><td>15\/32<\/td><td>3\/16<\/td><td>\u2014<\/td><td>\u2014<\/td><td>\u00d7<\/td><td>\u00d7<\/td><td>\u00d7<\/td><td>\u2014<\/td><td>1.90<\/td><\/tr><tr><td colspan=\"2\">3 ranuras<\/td><td>\u3000<\/td><td>\u3000<\/td><td>\u3000<\/td><td>\u3000<\/td><td>\u3000<\/td><td>\u3000<\/td><td>\u3000<\/td><td>\u3000<\/td><td>\u3000<\/td><td>\u3000<\/td><td>\u3000<\/td><td>\u3000<\/td><td>\u3000<\/td><td>\u3000<\/td><td>\u3000<\/td><\/tr><tr><td>2.60&#8243;<\/td><td>2.65&#8243;<\/td><td>\u2014<\/td><td>3 F3V26<\/td><td>F<\/td><td>1 1\/2&#8243;<\/td><td>1 7\/8&#8243;<\/td><td>1 23\/32&#8243;<\/td><td>15\/32&#8243;<\/td><td>1\/4&#8243;<\/td><td>\u2014<\/td><td>\u2014<\/td><td>\u00d7<\/td><td>\u00d7<\/td><td>\u00d7<\/td><td>\u2014<\/td><td>1.50<\/td><\/tr><tr><td>2.75<\/td><td>2.80<\/td><td>\u2014<\/td><td>3F3V28<\/td><td>F<\/td><td>1 1\/2<\/td><td>1 7\/8<\/td><td>1 23\/32<\/td><td>15\/32<\/td><td>1\/4<\/td><td>\u2014<\/td><td>\u2014<\/td><td>\u00d7<\/td><td>\u00d7<\/td><td>\u00d7<\/td><td>\u2014<\/td><td>1.70<\/td><\/tr><tr><td>2.95<\/td><td>3.00<\/td><td>\u2014<\/td><td>3F3V30<\/td><td>F<\/td><td>1 1\/2<\/td><td>1 7\/8<\/td><td>1 23\/32<\/td><td>15\/32<\/td><td>1\/4<\/td><td>\u2014<\/td><td>\u2014<\/td><td>\u2014<\/td><td>\u00d7<\/td><td>\u00d7<\/td><td>\u2014<\/td><td>1.90<\/td><\/tr><tr><td>3.10<\/td><td>3.15<\/td><td>\u2014<\/td><td>3F3V31<\/td><td>F<\/td><td>1 1\/2<\/td><td>1 7\/8<\/td><td>1 23\/32<\/td><td>15\/32<\/td><td>1\/4<\/td><td>\u2014<\/td><td>\u2014<\/td><td>\u2014<\/td><td>\u00d7<\/td><td>\u00d7<\/td><td>\u2014<\/td><td>2.10<\/td><\/tr><tr><td>3.30<\/td><td>3.35<\/td><td>\u2014<\/td><td>3F3V33<\/td><td>F<\/td><td>1 1\/2<\/td><td>1 7\/8<\/td><td>1 23\/32<\/td><td>15\/32<\/td><td>1\/4<\/td><td>\u2014<\/td><td>\u2014<\/td><td>\u2014<\/td><td>\u00d7<\/td><td>\u00d7<\/td><td>\u2014<\/td><td>2.50<\/td><\/tr><tr><td colspan=\"2\">4 ranuras<\/td><td>\u3000<\/td><td>\u3000<\/td><td>\u3000<\/td><td>\u3000<\/td><td>\u3000<\/td><td>\u3000<\/td><td>\u3000<\/td><td>\u3000<\/td><td>\u3000<\/td><td>\u3000<\/td><td>\u3000<\/td><td>\u3000<\/td><td>\u3000<\/td><td>\u3000<\/td><td>\u3000<\/td><\/tr><tr><td>2.60&#8243;<\/td><td>2.65&#8243;<\/td><td>\u2014<\/td><td>4F3V26<\/td><td>F<\/td><td>1 29\/32&#8243;<\/td><td>2 3\/16&#8243;<\/td><td>2 1\/8&#8243;<\/td><td>15\/32&#8243;<\/td><td>1\/4&#8243;<\/td><td>\u2014<\/td><td>\u2014<\/td><td>\u00d7<\/td><td>\u00d7<\/td><td>\u00d7<\/td><td>\u2014<\/td><td>1.90<\/td><\/tr><tr><td>2.75<\/td><td>2.80<\/td><td>\u2014<\/td><td>4F3V28<\/td><td>F<\/td><td>1 29\/32<\/td><td>2 3\/16<\/td><td>2 1\/8<\/td><td>15\/32<\/td><td>1\/4<\/td><td>\u2014<\/td><td>\u2014<\/td><td>\u00d7<\/td><td>\u00d7<\/td><td>\u00d7<\/td><td>\u2014<\/td><td>2.40<\/td><\/tr><tr><td>2.95<\/td><td>3.00<\/td><td>\u2014<\/td><td>4F3V30<\/td><td>F<\/td><td>1 29\/32<\/td><td>2 3\/16<\/td><td>2 1\/8<\/td><td>15\/32<\/td><td>1\/4<\/td><td>\u2014<\/td><td>\u2014<\/td><td>\u2014<\/td><td>\u00d7<\/td><td>\u00d7<\/td><td>\u00d7<\/td><td>2.50<\/td><\/tr><tr><td>3.10<\/td><td>3.15<\/td><td>\u2014<\/td><td>4F3V31<\/td><td>F<\/td><td>1 29\/32<\/td><td>2 3\/16<\/td><td>2 1\/8<\/td><td>15\/32<\/td><td>1\/4<\/td><td>\u2014<\/td><td>\u2014<\/td><td>\u2014<\/td><td>\u00d7<\/td><td>\u00d7<\/td><td>\u00d7<\/td><td>2.80<\/td><\/tr><tr><td>3.30<\/td><td>3.35<\/td><td>\u2014<\/td><td>4F3V33<\/td><td>F<\/td><td>1 29\/32<\/td><td>2 3\/16<\/td><td>2 1\/8<\/td><td>15\/32<\/td><td>1\/4<\/td><td>\u2014<\/td><td>\u2014<\/td><td>\u2014<\/td><td>\u00d7<\/td><td>\u00d7<\/td><td>\u00d7<\/td><td>3.40<\/td><\/tr><\/tbody><\/table><\/figure>","protected":false},"excerpt":{"rendered":"<p>Powermach finished bore &#8220;3V 5V 8V&#8221; gripbelt sheaves are machined from top quality fine-grain gray iron\u00a0 castings. They are accurately machined and balanced. They are furnished<span class=\"excerpt-hellip\"> [\u2026]<\/span><\/p>","protected":false},"author":1,"featured_media":0,"parent":73,"menu_order":0,"comment_status":"closed","ping_status":"closed","template":"","meta":{"_acf_changed":false,"_joinchat":[],"footnotes":""},"class_list":["post-1723","page","type-page","status-publish","hentry"],"acf":[],"_links":{"self":[{"href":"https:\/\/www.hitbelt.com\/es\/wp-json\/wp\/v2\/pages\/1723","targetHints":{"allow":["GET"]}}],"collection":[{"href":"https:\/\/www.hitbelt.com\/es\/wp-json\/wp\/v2\/pages"}],"about":[{"href":"https:\/\/www.hitbelt.com\/es\/wp-json\/wp\/v2\/types\/page"}],"author":[{"embeddable":true,"href":"https:\/\/www.hitbelt.com\/es\/wp-json\/wp\/v2\/users\/1"}],"replies":[{"embeddable":true,"href":"https:\/\/www.hitbelt.com\/es\/wp-json\/wp\/v2\/comments?post=1723"}],"version-history":[{"count":1,"href":"https:\/\/www.hitbelt.com\/es\/wp-json\/wp\/v2\/pages\/1723\/revisions"}],"predecessor-version":[{"id":1725,"href":"https:\/\/www.hitbelt.com\/es\/wp-json\/wp\/v2\/pages\/1723\/revisions\/1725"}],"up":[{"embeddable":true,"href":"https:\/\/www.hitbelt.com\/es\/wp-json\/wp\/v2\/pages\/73"}],"wp:attachment":[{"href":"https:\/\/www.hitbelt.com\/es\/wp-json\/wp\/v2\/media?parent=1723"}],"curies":[{"name":"wp","href":"https:\/\/api.w.org\/{rel}","templated":true}]}}