{"id":1688,"date":"2023-07-17T08:28:26","date_gmt":"2023-07-17T08:28:26","guid":{"rendered":"https:\/\/www.hitbelt.com\/?page_id=1688"},"modified":"2023-07-25T06:09:53","modified_gmt":"2023-07-25T06:09:53","slug":"v-belt-sheaves-cast-lron-sheaves-ak","status":"publish","type":"page","link":"https:\/\/www.hitbelt.com\/es\/bicycles\/v-belt-sheaves-cast-lron-sheaves-ak","title":{"rendered":"POLEAS PARA CORREAS TRAPEZOIDALES Poleas de fundici\u00f3n AK &gt;&gt;"},"content":{"rendered":"<p><strong>Alaska<\/strong><\/p>\n\n\n\n<p>Las poleas \u201cAK\u201d est\u00e1n fabricadas con precisi\u00f3n a partir de hierro fundido de grano fino, equilibradas est\u00e1ticamente, pintadas y empaquetadas individualmente. Se suministran con chaveteros est\u00e1ndar y tornillos prisioneros de cabeza hueca.<\/p>\n\n\n\n<figure class=\"wp-block-image size-full\"><img loading=\"lazy\" decoding=\"async\" width=\"584\" height=\"336\" src=\"https:\/\/www.hitbelt.com\/wp-content\/uploads\/2023\/07\/20150521111140882.jpg\" alt=\"\" class=\"wp-image-1689\" srcset=\"https:\/\/www.hitbelt.com\/wp-content\/uploads\/2023\/07\/20150521111140882.jpg 584w, https:\/\/www.hitbelt.com\/wp-content\/uploads\/2023\/07\/20150521111140882-500x288.jpg 500w, https:\/\/www.hitbelt.com\/wp-content\/uploads\/2023\/07\/20150521111140882-18x10.jpg 18w, https:\/\/www.hitbelt.com\/wp-content\/uploads\/2023\/07\/20150521111140882-130x75.jpg 130w, https:\/\/www.hitbelt.com\/wp-content\/uploads\/2023\/07\/20150521111140882-480x276.jpg 480w\" sizes=\"auto, (max-width:767px) 480px, 584px\" \/><\/figure>\n\n\n\n<p>Poleas de ranura \u00fanica para correas \u201c4L\u201d o \u201cA\u201d<br>Las correas \u201c3L\u201d se pueden utilizar con estas poleas como se indica en la siguiente tabla<br>Tama\u00f1os en existencia: orificio terminado<\/p>\n\n\n\n<figure class=\"wp-block-table\"><table><tbody><tr><td colspan=\"2\" rowspan=\"2\">PARTE<br>NO.<\/td><td colspan=\"3\">DI\u00c1METROS<\/td><td rowspan=\"2\">Tipo<\/td><td colspan=\"11\">AGUJEROS DE STOCK MARCADOS \u201cX\u201d<\/td><td colspan=\"4\">DIMENSIONES<\/td><td rowspan=\"2\">Peso.<br>libras<\/td><\/tr><tr><td>Afuera<\/td><td>Dato<br>&quot;A&quot;<\/td><td>Paso&quot;<br>3 litros<\/td><td>1\/2&#8243;<\/td><td>5\/8&#8243;<\/td><td>3\/4&#8243;<\/td><td>7\/8&#8243;<\/td><td>15\/16&#8243;<\/td><td>1&#8243;<\/td><td>1<br>1\/8&#8243;<\/td><td>1<br>3\/16&#8243;<\/td><td>1<br>1\/4&#8243;<\/td><td>1<br>3\/8&#8243;<\/td><td>1<br>7\/16&#8243;<\/td><td>F<\/td><td>L<\/td><td>PAG<\/td><td>C<\/td><\/tr><tr><td>\u25b2<\/td><td>AK17<\/td><td>1.75&#8243;<\/td><td>1.50&#8243;<\/td><td>1.16&#8243;<\/td><td>1<\/td><td>X<\/td><td>X \u2013<\/td><td>\u3000<\/td><td>&#8211;<\/td><td>&#8211;<\/td><td>&#8211;<\/td><td>&#8211;<\/td><td>&#8211;<\/td><td>&#8211;<\/td><td>&#8211;<\/td><td>&#8211;<\/td><td>21\/32&#8243;<\/td><td>15\/16&#8243;<\/td><td>7\/16&#8243;<\/td><td>5\/32&#8243;<\/td><td>0.20<\/td><\/tr><tr><td>\u25b2<\/td><td>AK20<\/td><td>2.00<\/td><td>1.80<\/td><td>1.46<\/td><td>1<\/td><td>X<\/td><td>X<\/td><td>X<\/td><td>&#8211;<\/td><td>&#8211;<\/td><td>&#8211;<\/td><td>&#8211;<\/td><td>&#8211;<\/td><td>&#8211;<\/td><td>&#8211;<\/td><td>&#8211;<\/td><td>21\/32<\/td><td>15\/16<\/td><td>7\/16<\/td><td>5\/32<\/td><td>0.30<\/td><\/tr><tr><td>\u25b2<\/td><td>AK21<\/td><td>2.10<\/td><td>1.90<\/td><td>1.56<\/td><td>1<\/td><td>X<\/td><td>X<\/td><td>X<\/td><td>&#8211;<\/td><td>&#8211;<\/td><td>&#8211;<\/td><td>&#8211;<\/td><td>&#8211;<\/td><td>&#8211;<\/td><td>&#8211;<\/td><td>&#8211;<\/td><td>21\/32<\/td><td>15\/16<\/td><td>7\/16<\/td><td>5\/32<\/td><td>0.40<\/td><\/tr><tr><td>\u25b2<\/td><td>AK22<\/td><td>2.20<\/td><td>2.00<\/td><td>1.66<\/td><td>1<\/td><td>X<\/td><td>X<\/td><td>X<\/td><td>&#8211;<\/td><td>&#8211;<\/td><td>&#8211;<\/td><td>&#8211;<\/td><td>&#8211;<\/td><td>&#8211;<\/td><td>&#8211;<\/td><td>&#8211;<\/td><td>21\/32<\/td><td>15\/16<\/td><td>7\/16<\/td><td>5\/32<\/td><td>0.50<\/td><\/tr><tr><td>\u25b2<\/td><td>AK23<\/td><td>2.30<\/td><td>2.10<\/td><td>1.76<\/td><td>1<\/td><td>X<\/td><td>X<\/td><td>X<\/td><td>&#8211;<\/td><td>&#8211;<\/td><td>&#8211;<\/td><td>&#8211;<\/td><td>&#8211;<\/td><td>&#8211;<\/td><td>&#8211;<\/td><td>&#8211;<\/td><td>21\/32<\/td><td>15\/16<\/td><td>7\/16<\/td><td>5\/32<\/td><td>0.50<\/td><\/tr><tr><td>\u25b2<\/td><td>AK25<\/td><td>2.50<\/td><td>2.30<\/td><td>1.96<\/td><td>2<\/td><td>X<\/td><td>X<\/td><td>X<\/td><td>&#8211;<\/td><td>&#8211;<\/td><td>&#8211;<\/td><td>&#8211;<\/td><td>&#8211;<\/td><td>&#8211;<\/td><td>&#8211;<\/td><td>&#8211;<\/td><td>21\/32<\/td><td>15\/16<\/td><td>7\/16<\/td><td>5\/32<\/td><td>0.50<\/td><\/tr><tr><td>\u25b2<\/td><td>AK26<\/td><td>2.60<\/td><td>2.40<\/td><td>2.06<\/td><td>2<\/td><td>X<\/td><td>X<\/td><td>X<\/td><td>&#8211;<\/td><td>&#8211;<\/td><td>&#8211;<\/td><td>&#8211;<\/td><td>&#8211;<\/td><td>&#8211;<\/td><td>&#8211;<\/td><td>&#8211;<\/td><td>21\/32<\/td><td>15\/16<\/td><td>7\/16<\/td><td>5\/32<\/td><td>0.50<\/td><\/tr><tr><td>\u25b2<\/td><td>AK27<\/td><td>2.70<\/td><td>2.50<\/td><td>2.16<\/td><td>2<\/td><td>X<\/td><td>X<\/td><td>X<\/td><td>&#8211;<\/td><td>&#8211;<\/td><td>&#8211;<\/td><td>&#8211;<\/td><td>&#8211;<\/td><td>&#8211;<\/td><td>&#8211;<\/td><td>&#8211;<\/td><td>21\/32<\/td><td>15\/16<\/td><td>7\/16<\/td><td>5\/32<\/td><td>0.60<\/td><\/tr><tr><td>\u25b2<\/td><td>AK28<\/td><td>2.80<\/td><td>2.60<\/td><td>2.26<\/td><td>2<\/td><td>X<\/td><td>X<\/td><td>X<\/td><td>&#8211;<\/td><td>&#8211;<\/td><td>&#8211;<\/td><td>&#8211;<\/td><td>&#8211;<\/td><td>&#8211;<\/td><td>&#8211;<\/td><td>&#8211;<\/td><td>21\/32<\/td><td>15\/16<\/td><td>7\/16<\/td><td>5\/32<\/td><td>0.70<\/td><\/tr><tr><td>\u25b2<\/td><td>AK30<\/td><td>3.05<\/td><td>2.80<\/td><td>2.46<\/td><td>2<\/td><td>X<\/td><td>X<\/td><td>X<\/td><td>X<\/td><td>&#8211;<\/td><td>&#8211;<\/td><td>&#8211;<\/td><td>&#8211;<\/td><td>&#8211;<\/td><td>&#8211;<\/td><td>&#8211;<\/td><td>21\/32<\/td><td>15\/16<\/td><td>7\/16<\/td><td>5\/32<\/td><td>0.70<\/td><\/tr><tr><td>\u25b2<\/td><td>AK32<\/td><td>3.25<\/td><td>3.00<\/td><td>2.66<\/td><td>2<\/td><td>X<\/td><td>X<\/td><td>X<\/td><td>X<\/td><td>&#8211;<\/td><td>&#8211;<\/td><td>&#8211;<\/td><td>&#8211;<\/td><td>&#8211;<\/td><td>&#8211;<\/td><td>&#8211;<\/td><td>21\/32<\/td><td>15\/16<\/td><td>7\/16<\/td><td>5\/32<\/td><td>0.70<\/td><\/tr><tr><td>\u25b2<\/td><td>AK34<\/td><td>3.45<\/td><td>3.20<\/td><td>2.86<\/td><td>2<\/td><td>X<\/td><td>X<\/td><td>X<\/td><td>X<\/td><td>&#8211;<\/td><td>&#8211;<\/td><td>&#8211;<\/td><td>&#8211;<\/td><td>&#8211;<\/td><td>&#8211;<\/td><td>&#8211;<\/td><td>21\/32<\/td><td>15\/16<\/td><td>7\/16<\/td><td>5\/32<\/td><td>0.90<\/td><\/tr><tr><td>\u3000<\/td><td>AK39<\/td><td>3.75<\/td><td>3.50<\/td><td>3.16<\/td><td>2<\/td><td>X<\/td><td>X<\/td><td>X<\/td><td>X<\/td><td>X<\/td><td>X<\/td><td>&#8211;<\/td><td>&#8211;<\/td><td>&#8211;<\/td><td>&#8211;<\/td><td>&#8211;<\/td><td>3\/4<\/td><td>1 5\/32<\/td><td>15\/32<\/td><td>1\/16<\/td><td>1.40<\/td><\/tr><tr><td>\u3000<\/td><td>AK41<\/td><td>3.95<\/td><td>3.70<\/td><td>3.36<\/td><td>2<\/td><td>X<\/td><td>X<\/td><td>X<\/td><td>X<\/td><td>X<\/td><td>X<\/td><td>&#8211;<\/td><td>&#8211;<\/td><td>&#8211;<\/td><td>&#8211;<\/td><td>&#8211;<\/td><td>3\/4<\/td><td>1 5\/32<\/td><td>15\/32<\/td><td>1\/16<\/td><td>1.50<\/td><\/tr><tr><td>\u3000<\/td><td>AK44<\/td><td>4.25<\/td><td>4.00<\/td><td>3.66<\/td><td>3<\/td><td>X<\/td><td>X<\/td><td>X<\/td><td>X<\/td><td>X<\/td><td>X<\/td><td>X<\/td><td>&#8211;<\/td><td>&#8211;<\/td><td>&#8211;<\/td><td>&#8211;<\/td><td>3\/4<\/td><td>1 5\/32<\/td><td>15\/32<\/td><td>1\/16<\/td><td>1.50<\/td><\/tr><tr><td>\u3000<\/td><td>AK46<\/td><td>4.45<\/td><td>4.20<\/td><td>3.86<\/td><td>3<\/td><td>X<\/td><td>X<\/td><td>X<\/td><td>X<\/td><td>X<\/td><td>X<\/td><td>X<\/td><td>&#8211;<\/td><td>&#8211;<\/td><td>&#8211;<\/td><td>&#8211;<\/td><td>3\/4<\/td><td>1 5\/32<\/td><td>15\/32<\/td><td>1\/16<\/td><td>1.50<\/td><\/tr><tr><td>\u3000<\/td><td>AK49<\/td><td>4.75<\/td><td>4.50<\/td><td>4.16<\/td><td>3<\/td><td>X<\/td><td>X<\/td><td>X<\/td><td>X<\/td><td>X<\/td><td>X<\/td><td>X<\/td><td>&#8211;<\/td><td>&#8211;<\/td><td>&#8211;<\/td><td>&#8211;<\/td><td>3\/4<\/td><td>1 5\/32<\/td><td>15\/32<\/td><td>1\/16<\/td><td>1.70<\/td><\/tr><tr><td>\u3000<\/td><td>AK51<\/td><td>4.95<\/td><td>4.70<\/td><td>4.36<\/td><td>3<\/td><td>X<\/td><td>X<\/td><td>X<\/td><td>X<\/td><td>&#8211;<\/td><td>X<\/td><td>X<\/td><td>&#8211;<\/td><td>&#8211;<\/td><td>&#8211;<\/td><td>&#8211;<\/td><td>3\/4<\/td><td>1 5\/32<\/td><td>15\/32<\/td><td>1\/16<\/td><td>1.70<\/td><\/tr><tr><td>\u3000<\/td><td>AK54<\/td><td>5.25<\/td><td>5.00<\/td><td>4.66<\/td><td>3<\/td><td>X<\/td><td>X<\/td><td>X<\/td><td>X<\/td><td>X<\/td><td>X<\/td><td>X<\/td><td>X<\/td><td>&#8211;<\/td><td>&#8211;<\/td><td>&#8211;<\/td><td>3\/4<\/td><td>1 5\/32<\/td><td>15\/32<\/td><td>1\/16<\/td><td>1.80<\/td><\/tr><tr><td>\u3000<\/td><td>AK56<\/td><td>5.45<\/td><td>5.20<\/td><td>4.86<\/td><td>3<\/td><td>X<\/td><td>X<\/td><td>X<\/td><td>X<\/td><td>X<\/td><td>X<\/td><td>X<\/td><td>X<\/td><td>&#8211;<\/td><td>&#8211;<\/td><td>&#8211;<\/td><td>3\/4<\/td><td>1 5\/32<\/td><td>15\/32<\/td><td>1\/16<\/td><td>1.90<\/td><\/tr><tr><td>\u3000<\/td><td>AK59<\/td><td>5.75<\/td><td>5.50<\/td><td>5.16<\/td><td>3<\/td><td>X<\/td><td>X<\/td><td>X<\/td><td>X<\/td><td>X<\/td><td>X<\/td><td>X<\/td><td>X<\/td><td>&#8211;<\/td><td>&#8211;<\/td><td>&#8211;<\/td><td>3\/4<\/td><td>1 5\/32<\/td><td>15\/32<\/td><td>1\/16<\/td><td>2.00<\/td><\/tr><tr><td>\u3000<\/td><td>AK61<\/td><td>5.95<\/td><td>5.70<\/td><td>5.36<\/td><td>3<\/td><td>X<\/td><td>X<\/td><td>X<\/td><td>X<\/td><td>X<\/td><td>X<\/td><td>X<\/td><td>X<\/td><td>&#8211;<\/td><td>&#8211;<\/td><td>&#8211;<\/td><td>3\/4<\/td><td>1 5\/32<\/td><td>15\/32<\/td><td>1\/16<\/td><td>2.10<\/td><\/tr><tr><td>\u3000<\/td><td>AK64<\/td><td>6.25<\/td><td>6.00<\/td><td>5.66<\/td><td>3<\/td><td>X<\/td><td>X<\/td><td>X<\/td><td>X<\/td><td>X<\/td><td>X<\/td><td>X<\/td><td>X<\/td><td>&#8211;<\/td><td>&#8211;<\/td><td>&#8211;<\/td><td>3\/4<\/td><td>1 5\/32<\/td><td>15\/32<\/td><td>1\/16<\/td><td>2.20<\/td><\/tr><tr><td>\u3000<\/td><td>AK66<\/td><td>6.45<\/td><td>6.20<\/td><td>5.86<\/td><td>3<\/td><td>&#8211;<\/td><td>X<\/td><td>X<\/td><td>&#8211;<\/td><td>&#8211;<\/td><td>X<\/td><td>X<\/td><td>&#8211;<\/td><td>&#8211;<\/td><td>&#8211;<\/td><td>&#8211;<\/td><td>3\/4<\/td><td>1 5\/32<\/td><td>15\/32<\/td><td>1\/16<\/td><td>2.30<\/td><\/tr><tr><td>\u3000<\/td><td>AK69<\/td><td>6.75<\/td><td>6.50<\/td><td>6.16<\/td><td>3<\/td><td>&#8211;<\/td><td>&#8211;<\/td><td>X<\/td><td>&#8211;<\/td><td>&#8211;<\/td><td>X<\/td><td>X<\/td><td>&#8211;<\/td><td>&#8211;<\/td><td>&#8211;<\/td><td>&#8211;<\/td><td>3\/4<\/td><td>1 15\/32<\/td><td>23\/32<\/td><td>0<\/td><td>3.50<\/td><\/tr><tr><td>\u3000<\/td><td>AK71<\/td><td>6.95<\/td><td>6.70<\/td><td>6.36<\/td><td>3<\/td><td>&#8211;<\/td><td>X<\/td><td>X<\/td><td>&#8211;<\/td><td>&#8211;<\/td><td>X<\/td><td>X<\/td><td>&#8211;<\/td><td>&#8211;<\/td><td>&#8211;<\/td><td>X<\/td><td>3\/4<\/td><td>1 15\/32<\/td><td>23\/32<\/td><td>0<\/td><td>3.80<\/td><\/tr><tr><td>\u25b2<\/td><td>AK74<\/td><td>7.25<\/td><td>7.00<\/td><td>6.66<\/td><td>3<\/td><td>X<\/td><td>X<\/td><td>X<\/td><td>&#8211;<\/td><td>X<\/td><td>X<\/td><td>X<\/td><td>X<\/td><td>X<\/td><td>&#8211;<\/td><td>X<\/td><td>3\/4<\/td><td>1 15\/32<\/td><td>23\/32\u2605<\/td><td>0\u2605<\/td><td>3.40<\/td><\/tr><tr><td>\u25b2<\/td><td>AK79<\/td><td>7.75<\/td><td>7.50<\/td><td>7.16<\/td><td>3<\/td><td>&#8211;<\/td><td>&#8211;<\/td><td>X<\/td><td>&#8211;<\/td><td>&#8211;<\/td><td>X<\/td><td>X<\/td><td>&#8211;<\/td><td>&#8211;<\/td><td>&#8211;<\/td><td>X<\/td><td>3\/4<\/td><td>1 15\/32<\/td><td>23\/32<\/td><td>0<\/td><td>4.00<\/td><\/tr><tr><td>\u25b2<\/td><td>AK84<\/td><td>8.25<\/td><td>8.00<\/td><td>7.66<\/td><td>3<\/td><td>X<\/td><td>X<\/td><td>X<\/td><td>&#8211;<\/td><td>X<\/td><td>X<\/td><td>&#8211;<\/td><td>X<\/td><td>&#8211;<\/td><td>&#8211;<\/td><td>X<\/td><td>3\/4<\/td><td>1 15\/32<\/td><td>23\/32\u2605<\/td><td>0\u2605<\/td><td>3.80<\/td><\/tr><tr><td>\u25b2<\/td><td>AK89<\/td><td>8.75<\/td><td>8.50<\/td><td>8.16<\/td><td>3<\/td><td>&#8211;<\/td><td>&#8211;<\/td><td>X<\/td><td>&#8211;<\/td><td>&#8211;<\/td><td>X<\/td><td>X<\/td><td>&#8211;<\/td><td>&#8211;<\/td><td>&#8211;<\/td><td>X<\/td><td>3\/4<\/td><td>1 15\/32<\/td><td>23\/32<\/td><td>0<\/td><td>4.30<\/td><\/tr><tr><td>\u25b2<\/td><td>AK94<\/td><td>9.25<\/td><td>9.00<\/td><td>8.66<\/td><td>3<\/td><td>X<\/td><td>X<\/td><td>X<\/td><td>&#8211;<\/td><td>X<\/td><td>X<\/td><td>&#8211;<\/td><td>X<\/td><td>X<\/td><td>&#8211;<\/td><td>X<\/td><td>3\/4<\/td><td>1 15\/32<\/td><td>23\/32\u2605<\/td><td>0\u2605<\/td><td>4.50<\/td><\/tr><tr><td>\u25b2<\/td><td>AK99<\/td><td>9.75<\/td><td>9.50<\/td><td>9.16<\/td><td>3<\/td><td>&#8211;<\/td><td>&#8211;<\/td><td>X<\/td><td>&#8211;<\/td><td>&#8211;<\/td><td>X<\/td><td>&#8211;<\/td><td>&#8211;<\/td><td>&#8211;<\/td><td>&#8211;<\/td><td>X<\/td><td>3\/4<\/td><td>1 15\/32<\/td><td>23\/32<\/td><td>0<\/td><td>5.30<\/td><\/tr><tr><td>\u25b2<\/td><td>AK104<\/td><td>10.25<\/td><td>10.00<\/td><td>9.66<\/td><td>3<\/td><td>&#8211;<\/td><td>X<\/td><td>X<\/td><td>&#8211;<\/td><td>&#8211;<\/td><td>X<\/td><td>&#8211;<\/td><td>X<\/td><td>X<\/td><td>X<\/td><td>X<\/td><td>3\/4<\/td><td>1 15\/32<\/td><td>23\/23\u2605<\/td><td>0\u2605<\/td><td>5.10<\/td><\/tr><tr><td>\u25b2<\/td><td>AK109<\/td><td>10.75<\/td><td>10.50<\/td><td>10.16<\/td><td>3<\/td><td>&#8211;<\/td><td>&#8211;<\/td><td>X<\/td><td>&#8211;<\/td><td>&#8211;<\/td><td>X<\/td><td>&#8211;<\/td><td>&#8211;<\/td><td>&#8211;<\/td><td>X<\/td><td>X<\/td><td>3\/4<\/td><td>1 15\/32<\/td><td>23\/32<\/td><td>0<\/td><td>5.80<\/td><\/tr><tr><td>\u25b2<\/td><td>AK114<\/td><td>11.25<\/td><td>11.00<\/td><td>10.66<\/td><td>3<\/td><td>&#8211;<\/td><td>&#8211;<\/td><td>X<\/td><td>&#8211;<\/td><td>&#8211;<\/td><td>X<\/td><td>&#8211;<\/td><td>X<\/td><td>&#8211;<\/td><td>&#8211;<\/td><td>X<\/td><td>3\/4<\/td><td>1 15\/32<\/td><td>23\/32\u2605<\/td><td>0\u2605<\/td><td>5.60<\/td><\/tr><tr><td>\u25b2<\/td><td>AK124<\/td><td>12.25<\/td><td>12.00<\/td><td>11.66<\/td><td>3<\/td><td>&#8211;<\/td><td>X<\/td><td>X<\/td><td>&#8211;<\/td><td>&#8211;<\/td><td>X<\/td><td>&#8211;<\/td><td>X<\/td><td>X<\/td><td>&#8211;<\/td><td>X<\/td><td>3\/4<\/td><td>1 15\/32<\/td><td>23\/32\u2605<\/td><td>0\u2605<\/td><td>6.50<\/td><\/tr><tr><td>\u3000<\/td><td>AK134<\/td><td>13.25<\/td><td>13.00<\/td><td>12.66<\/td><td>3<\/td><td>&#8211;<\/td><td>&#8211;<\/td><td>X<\/td><td>&#8211;<\/td><td>&#8211;<\/td><td>X<\/td><td>&#8211;<\/td><td>X<\/td><td>&#8211;<\/td><td>X<\/td><td>X<\/td><td>3\/4<\/td><td>1 15\/32<\/td><td>23\/32<\/td><td>0<\/td><td>7.50<\/td><\/tr><tr><td>\u3000<\/td><td>AK144<\/td><td>14.25<\/td><td>14.00<\/td><td>13.66<\/td><td>3<\/td><td>&#8211;<\/td><td>&#8211;<\/td><td>X<\/td><td>&#8211;<\/td><td>&#8211;<\/td><td>X<\/td><td>&#8211;<\/td><td>X<\/td><td>&#8211;<\/td><td>&#8211;<\/td><td>X<\/td><td>3\/4<\/td><td>1 15\/32<\/td><td>23\/32<\/td><td>0<\/td><td>8.50<\/td><\/tr><tr><td>\u3000<\/td><td>AK154<\/td><td>15.25<\/td><td>15.00<\/td><td>14.66<\/td><td>3<\/td><td>&#8211;<\/td><td>&#8211;<\/td><td>X<\/td><td>&#8211;<\/td><td>&#8211;<\/td><td>X<\/td><td>&#8211;<\/td><td>X<\/td><td>&#8211;<\/td><td>X<\/td><td>X<\/td><td>3\/4<\/td><td>1 15\/32<\/td><td>23\/32<\/td><td>0<\/td><td>9.80<\/td><\/tr><tr><td>\u3000<\/td><td>AK184<\/td><td>18.25<\/td><td>18.00<\/td><td>17.66<\/td><td>3<\/td><td>&#8211;<\/td><td>&#8211;<\/td><td>X<\/td><td>&#8211;<\/td><td>&#8211;<\/td><td>X<\/td><td>&#8211;<\/td><td>X<\/td><td>&#8211;<\/td><td>&#8211;<\/td><td>X<\/td><td>3\/4<\/td><td>1 15\/32<\/td><td>23\/32<\/td><td>0<\/td><td>12.10<\/td><\/tr><\/tbody><\/table><\/figure>\n\n\n\n<p>\u2605P=25\/32\u201d y C=1\/16\u201d para orificios de 1\u201d y menores<br>\u25b2NOTA: NO UTILICE ESTAS POLEAS \u201cAK\u201d CON DI\u00c1METROS DE 1\u2033 O MENOS CON CLASIFICACIONES DE CORREA GRIPNOTCH<\/p>","protected":false},"excerpt":{"rendered":"<p>AK &#8220;AK&#8221; Sheaves are accurately machined from fine grained cast iron, statically balanced, painted and individually packaged. They are furnished with Standard Keyseats and Hollow Head<span class=\"excerpt-hellip\"> [\u2026]<\/span><\/p>","protected":false},"author":1,"featured_media":0,"parent":73,"menu_order":0,"comment_status":"closed","ping_status":"closed","template":"","meta":{"_acf_changed":false,"_joinchat":[],"footnotes":""},"class_list":["post-1688","page","type-page","status-publish","hentry"],"acf":[],"_links":{"self":[{"href":"https:\/\/www.hitbelt.com\/es\/wp-json\/wp\/v2\/pages\/1688","targetHints":{"allow":["GET"]}}],"collection":[{"href":"https:\/\/www.hitbelt.com\/es\/wp-json\/wp\/v2\/pages"}],"about":[{"href":"https:\/\/www.hitbelt.com\/es\/wp-json\/wp\/v2\/types\/page"}],"author":[{"embeddable":true,"href":"https:\/\/www.hitbelt.com\/es\/wp-json\/wp\/v2\/users\/1"}],"replies":[{"embeddable":true,"href":"https:\/\/www.hitbelt.com\/es\/wp-json\/wp\/v2\/comments?post=1688"}],"version-history":[{"count":1,"href":"https:\/\/www.hitbelt.com\/es\/wp-json\/wp\/v2\/pages\/1688\/revisions"}],"predecessor-version":[{"id":1690,"href":"https:\/\/www.hitbelt.com\/es\/wp-json\/wp\/v2\/pages\/1688\/revisions\/1690"}],"up":[{"embeddable":true,"href":"https:\/\/www.hitbelt.com\/es\/wp-json\/wp\/v2\/pages\/73"}],"wp:attachment":[{"href":"https:\/\/www.hitbelt.com\/es\/wp-json\/wp\/v2\/media?parent=1688"}],"curies":[{"name":"wp","href":"https:\/\/api.w.org\/{rel}","templated":true}]}}